{"id":8043,"date":"2023-11-12T12:31:22","date_gmt":"2023-11-12T10:31:22","guid":{"rendered":"https:\/\/coffeetea.ee\/product\/candy-vasilki-factory-rot-front\/"},"modified":"2026-04-20T18:26:50","modified_gmt":"2026-04-20T15:26:50","slug":"candy-vasilki-factory-rot-front","status":"publish","type":"product","link":"https:\/\/coffeetea.ee\/en\/product\/candy-vasilki-factory-rot-front\/","title":{"rendered":"Candy &#8220;vasilki&#8221;, factory Rot Front."},"content":{"rendered":"<p><strong>Specification<\/strong><\/p>\n<p>Candies &#8220;Vasilki&#8221; &#8211; a sweet classic from the factory &#8220;Rot Front&#8221;. Delicate melting fudge with soft cr\u00e8me br\u00fbl\u00e9e flavor and tart brandy notes, enriched with grated cashew nut, covered with chocolate glaze. Flavorful candies, the taste of which is familiar from childhood to several generations of sweets. Traditional blue wrappers with shiny inserts and a picture of a humble wildflower.<\/p>\n","protected":false},"excerpt":{"rendered":"<h3 data-path-to-node=\"3\"><b data-path-to-node=\"3\" data-index-in-node=\"0\">Vasilki Candies <\/b><\/h3>\n<ul data-path-to-node=\"4\">\n<li>\n<p data-path-to-node=\"4,0,0\">Food Product Name: Candies coated with confectionery glaze and fondant filling.<\/p>\n<\/li>\n<li>\n<p data-path-to-node=\"4,1,0\">Ingredients: Sugar, confectionery glaze (sugar, cocoa butter substitute, cocoa powder, emulsifiers: soy lecithin, E476; vanilla flavoring), sweetened condensed milk, molasses, grated cashew kernels, rectified ethyl alcohol, Punch flavoring.<\/p>\n<\/li>\n<li>\n<p data-path-to-node=\"4,2,0\"><b data-path-to-node=\"4,2,0\" data-index-in-node=\"0\">\u0412\u0435\u0449\u0435\u0441\u0442\u0432\u0430, \u0432\u044b\u0437\u044b\u0432\u0430\u044e\u0449\u0438\u0435 \u0430\u043b\u043b\u0435\u0440\u0433\u0438\u044e \u0438\u043b\u0438 \u043d\u0435\u043f\u0435\u0440\u0435\u043d\u043e\u0441\u0438\u043c\u043e\u0441\u0442\u044c:<\/b> \u0421\u043e\u0434\u0435\u0440\u0436\u0438\u0442 <b data-path-to-node=\"4,2,0\" data-index-in-node=\"60\">\u043c\u043e\u043b\u043e\u0447\u043d\u044b\u0435 \u043f\u0440\u043e\u0434\u0443\u043a\u0442\u044b, \u043b\u0435\u0446\u0438\u0442\u0438\u043d \u0441\u043e\u0435\u0432\u044b\u0439, \u043e\u0440\u0435\u0445\u0438 \u043a\u0435\u0448\u044c\u044e<\/b>. \u041c\u043e\u0436\u0435\u0442 \u0441\u043e\u0434\u0435\u0440\u0436\u0430\u0442\u044c \u0441\u043b\u0435\u0434\u044b \u0430\u0440\u0430\u0445\u0438\u0441\u0430 \u0438 \u0434\u0440\u0443\u0433\u0438\u0445 \u043e\u0440\u0435\u0445\u043e\u0432. <\/p>\n<\/li>\n<li>\n<p data-path-to-node=\"4,3,0\">Net weight: 0.5-1 kg.<\/p>\n<\/li>\n<li>\n<p data-path-to-node=\"4,4,0\">Minimum shelf life: (usually 6-9 months).<\/p>\n<\/li>\n<li>\n<p data-path-to-node=\"4,5,0\">Storage conditions: Store at a temperature of 18 \u00b1 3\u00b0C and a relative humidity of no more than 70%. Do not expose to direct sunlight. Do not expose to direct sunlight.<\/p>\n<ul data-path-to-node=\"4,6,1\">\n<li>\n<p data-path-to-node=\"4,6,1,0,0\">Manufacturer: Krasny Oktyabr OJSC (or Rot Front\/Babaevsky), Russia.<\/p>\n<\/li>\n<\/ul>\n<\/li>\n<li>\n<p data-path-to-node=\"4,7,0\">Country of origin: Russia.<\/p>\n<\/li>\n<\/ul>\n<h3 data-path-to-node=\"6\"><\/h3>\n","protected":false},"featured_media":7973,"comment_status":"open","ping_status":"closed","template":"","meta":[],"product_brand":[],"product_cat":[213],"product_tag":[231,159,162],"class_list":{"0":"post-8043","1":"product","2":"type-product","3":"status-publish","4":"has-post-thumbnail","6":"product_cat-sweets","7":"product_tag-chocolate-candies","8":"product_tag-fragrance","9":"product_tag-pleasure","11":"first","12":"instock","13":"taxable","14":"shipping-taxable","15":"purchasable","16":"product-type-variable"},"yoast_head":"<!-- This site is optimized with the Yoast SEO plugin v27.4 - https:\/\/yoast.com\/product\/yoast-seo-wordpress\/ -->\n<title>Candy &quot;vasilki&quot;, factory Rot Front.<\/title>\n<meta name=\"robots\" content=\"index, follow, max-snippet:-1, max-image-preview:large, max-video-preview:-1\" \/>\n<link rel=\"canonical\" href=\"https:\/\/coffeetea.ee\/en\/product\/candy-vasilki-factory-rot-front\/\" \/>\n<meta property=\"og:locale\" content=\"en_US\" \/>\n<meta property=\"og:type\" content=\"article\" \/>\n<meta property=\"og:title\" content=\"Candy &quot;vasilki&quot;, factory Rot Front.\" \/>\n<meta property=\"og:description\" content=\"Vasilki Candies   Food Product Name: Candies coated with confectionery glaze and fondant filling.   Ingredients: Sugar, confectionery glaze (sugar, cocoa butter substitute, cocoa powder, emulsifiers: soy lecithin, E476; vanilla flavoring), sweetened condensed milk, molasses, grated cashew kernels, rectified ethyl alcohol, Punch flavoring.   \u0412\u0435\u0449\u0435\u0441\u0442\u0432\u0430, \u0432\u044b\u0437\u044b\u0432\u0430\u044e\u0449\u0438\u0435 \u0430\u043b\u043b\u0435\u0440\u0433\u0438\u044e \u0438\u043b\u0438 \u043d\u0435\u043f\u0435\u0440\u0435\u043d\u043e\u0441\u0438\u043c\u043e\u0441\u0442\u044c: \u0421\u043e\u0434\u0435\u0440\u0436\u0438\u0442 \u043c\u043e\u043b\u043e\u0447\u043d\u044b\u0435 \u043f\u0440\u043e\u0434\u0443\u043a\u0442\u044b, \u043b\u0435\u0446\u0438\u0442\u0438\u043d \u0441\u043e\u0435\u0432\u044b\u0439, \u043e\u0440\u0435\u0445\u0438 \u043a\u0435\u0448\u044c\u044e. \u041c\u043e\u0436\u0435\u0442 \u0441\u043e\u0434\u0435\u0440\u0436\u0430\u0442\u044c \u0441\u043b\u0435\u0434\u044b \u0430\u0440\u0430\u0445\u0438\u0441\u0430 \u0438 \u0434\u0440\u0443\u0433\u0438\u0445 \u043e\u0440\u0435\u0445\u043e\u0432.   Net weight: 0.5-1 kg.   Minimum shelf life: (usually 6-9 months).   Storage conditions: Store at a temperature of 18 \u00b1 3\u00b0C and a relative humidity of no more than 70%. Do not expose to direct sunlight. Do not expose to direct sunlight.   Manufacturer: Krasny Oktyabr OJSC (or Rot Front\/Babaevsky), Russia.    Country of origin: Russia.\" \/>\n<meta property=\"og:url\" content=\"https:\/\/coffeetea.ee\/en\/product\/candy-vasilki-factory-rot-front\/\" \/>\n<meta property=\"og:site_name\" content=\"Coffee and Tea store | Coffee and Tea to suit all tastes\" \/>\n<meta property=\"article:publisher\" content=\"https:\/\/www.facebook.com\/Coffeetea.est\" \/>\n<meta property=\"article:modified_time\" content=\"2026-04-20T15:26:50+00:00\" \/>\n<meta property=\"og:image\" content=\"https:\/\/coffeetea.ee\/wp-content\/uploads\/2023\/11\/vasilek.jpg\" \/>\n\t<meta property=\"og:image:width\" content=\"600\" \/>\n\t<meta property=\"og:image:height\" content=\"600\" \/>\n\t<meta property=\"og:image:type\" content=\"image\/jpeg\" \/>\n<meta name=\"twitter:card\" content=\"summary_large_image\" \/>\n<script type=\"application\/ld+json\" class=\"yoast-schema-graph\">{\"@context\":\"https:\\\/\\\/schema.org\",\"@graph\":[{\"@type\":\"WebPage\",\"@id\":\"https:\\\/\\\/coffeetea.ee\\\/en\\\/product\\\/candy-vasilki-factory-rot-front\\\/\",\"url\":\"https:\\\/\\\/coffeetea.ee\\\/en\\\/product\\\/candy-vasilki-factory-rot-front\\\/\",\"name\":\"Candy \\\"vasilki\\\", factory Rot Front.\",\"isPartOf\":{\"@id\":\"https:\\\/\\\/coffeetea.ee\\\/en\\\/#website\"},\"primaryImageOfPage\":{\"@id\":\"https:\\\/\\\/coffeetea.ee\\\/en\\\/product\\\/candy-vasilki-factory-rot-front\\\/#primaryimage\"},\"image\":{\"@id\":\"https:\\\/\\\/coffeetea.ee\\\/en\\\/product\\\/candy-vasilki-factory-rot-front\\\/#primaryimage\"},\"thumbnailUrl\":\"https:\\\/\\\/coffeetea.ee\\\/wp-content\\\/uploads\\\/2023\\\/11\\\/vasilek.jpg\",\"datePublished\":\"2023-11-12T10:31:22+00:00\",\"dateModified\":\"2026-04-20T15:26:50+00:00\",\"breadcrumb\":{\"@id\":\"https:\\\/\\\/coffeetea.ee\\\/en\\\/product\\\/candy-vasilki-factory-rot-front\\\/#breadcrumb\"},\"inLanguage\":\"en-US\",\"potentialAction\":[{\"@type\":\"ReadAction\",\"target\":[\"https:\\\/\\\/coffeetea.ee\\\/en\\\/product\\\/candy-vasilki-factory-rot-front\\\/\"]}]},{\"@type\":\"ImageObject\",\"inLanguage\":\"en-US\",\"@id\":\"https:\\\/\\\/coffeetea.ee\\\/en\\\/product\\\/candy-vasilki-factory-rot-front\\\/#primaryimage\",\"url\":\"https:\\\/\\\/coffeetea.ee\\\/wp-content\\\/uploads\\\/2023\\\/11\\\/vasilek.jpg\",\"contentUrl\":\"https:\\\/\\\/coffeetea.ee\\\/wp-content\\\/uploads\\\/2023\\\/11\\\/vasilek.jpg\",\"width\":600,\"height\":600},{\"@type\":\"BreadcrumbList\",\"@id\":\"https:\\\/\\\/coffeetea.ee\\\/en\\\/product\\\/candy-vasilki-factory-rot-front\\\/#breadcrumb\",\"itemListElement\":[{\"@type\":\"ListItem\",\"position\":1,\"name\":\"Home\",\"item\":\"https:\\\/\\\/coffeetea.ee\\\/en\\\/\"},{\"@type\":\"ListItem\",\"position\":2,\"name\":\"Shop\",\"item\":\"https:\\\/\\\/coffeetea.ee\\\/en\\\/shop\\\/\"},{\"@type\":\"ListItem\",\"position\":3,\"name\":\"Candy &#8220;vasilki&#8221;, factory Rot Front.\"}]},{\"@type\":\"WebSite\",\"@id\":\"https:\\\/\\\/coffeetea.ee\\\/en\\\/#website\",\"url\":\"https:\\\/\\\/coffeetea.ee\\\/en\\\/\",\"name\":\"Kohv ja tee\",\"description\":\"Kohvi- ja Teepood | Kohv ja Tee Igale Maitsele\",\"publisher\":{\"@id\":\"https:\\\/\\\/coffeetea.ee\\\/en\\\/#organization\"},\"potentialAction\":[{\"@type\":\"SearchAction\",\"target\":{\"@type\":\"EntryPoint\",\"urlTemplate\":\"https:\\\/\\\/coffeetea.ee\\\/en\\\/?s={search_term_string}\"},\"query-input\":{\"@type\":\"PropertyValueSpecification\",\"valueRequired\":true,\"valueName\":\"search_term_string\"}}],\"inLanguage\":\"en-US\"},{\"@type\":\"Organization\",\"@id\":\"https:\\\/\\\/coffeetea.ee\\\/en\\\/#organization\",\"name\":\"DKM Brothers O\u00dc\",\"url\":\"https:\\\/\\\/coffeetea.ee\\\/en\\\/\",\"logo\":{\"@type\":\"ImageObject\",\"inLanguage\":\"en-US\",\"@id\":\"https:\\\/\\\/coffeetea.ee\\\/en\\\/#\\\/schema\\\/logo\\\/image\\\/\",\"url\":\"https:\\\/\\\/coffeetea.ee\\\/wp-content\\\/uploads\\\/2022\\\/11\\\/logo_website.webp\",\"contentUrl\":\"https:\\\/\\\/coffeetea.ee\\\/wp-content\\\/uploads\\\/2022\\\/11\\\/logo_website.webp\",\"width\":200,\"height\":195,\"caption\":\"DKM Brothers O\u00dc\"},\"image\":{\"@id\":\"https:\\\/\\\/coffeetea.ee\\\/en\\\/#\\\/schema\\\/logo\\\/image\\\/\"},\"sameAs\":[\"https:\\\/\\\/www.facebook.com\\\/Coffeetea.est\",\"https:\\\/\\\/www.instagram.com\\\/coffeetea.ee\\\/\"]}]}<\/script>\n<!-- \/ Yoast SEO plugin. -->","yoast_head_json":{"title":"Candy \"vasilki\", factory Rot Front.","robots":{"index":"index","follow":"follow","max-snippet":"max-snippet:-1","max-image-preview":"max-image-preview:large","max-video-preview":"max-video-preview:-1"},"canonical":"https:\/\/coffeetea.ee\/en\/product\/candy-vasilki-factory-rot-front\/","og_locale":"en_US","og_type":"article","og_title":"Candy \"vasilki\", factory Rot Front.","og_description":"Vasilki Candies   Food Product Name: Candies coated with confectionery glaze and fondant filling.   Ingredients: Sugar, confectionery glaze (sugar, cocoa butter substitute, cocoa powder, emulsifiers: soy lecithin, E476; vanilla flavoring), sweetened condensed milk, molasses, grated cashew kernels, rectified ethyl alcohol, Punch flavoring.   \u0412\u0435\u0449\u0435\u0441\u0442\u0432\u0430, \u0432\u044b\u0437\u044b\u0432\u0430\u044e\u0449\u0438\u0435 \u0430\u043b\u043b\u0435\u0440\u0433\u0438\u044e \u0438\u043b\u0438 \u043d\u0435\u043f\u0435\u0440\u0435\u043d\u043e\u0441\u0438\u043c\u043e\u0441\u0442\u044c: \u0421\u043e\u0434\u0435\u0440\u0436\u0438\u0442 \u043c\u043e\u043b\u043e\u0447\u043d\u044b\u0435 \u043f\u0440\u043e\u0434\u0443\u043a\u0442\u044b, \u043b\u0435\u0446\u0438\u0442\u0438\u043d \u0441\u043e\u0435\u0432\u044b\u0439, \u043e\u0440\u0435\u0445\u0438 \u043a\u0435\u0448\u044c\u044e. \u041c\u043e\u0436\u0435\u0442 \u0441\u043e\u0434\u0435\u0440\u0436\u0430\u0442\u044c \u0441\u043b\u0435\u0434\u044b \u0430\u0440\u0430\u0445\u0438\u0441\u0430 \u0438 \u0434\u0440\u0443\u0433\u0438\u0445 \u043e\u0440\u0435\u0445\u043e\u0432.   Net weight: 0.5-1 kg.   Minimum shelf life: (usually 6-9 months).   Storage conditions: Store at a temperature of 18 \u00b1 3\u00b0C and a relative humidity of no more than 70%. Do not expose to direct sunlight. Do not expose to direct sunlight.   Manufacturer: Krasny Oktyabr OJSC (or Rot Front\/Babaevsky), Russia.    Country of origin: Russia.","og_url":"https:\/\/coffeetea.ee\/en\/product\/candy-vasilki-factory-rot-front\/","og_site_name":"Coffee and Tea store | Coffee and Tea to suit all tastes","article_publisher":"https:\/\/www.facebook.com\/Coffeetea.est","article_modified_time":"2026-04-20T15:26:50+00:00","og_image":[{"width":600,"height":600,"url":"https:\/\/coffeetea.ee\/wp-content\/uploads\/2023\/11\/vasilek.jpg","type":"image\/jpeg"}],"twitter_card":"summary_large_image","schema":{"@context":"https:\/\/schema.org","@graph":[{"@type":"WebPage","@id":"https:\/\/coffeetea.ee\/en\/product\/candy-vasilki-factory-rot-front\/","url":"https:\/\/coffeetea.ee\/en\/product\/candy-vasilki-factory-rot-front\/","name":"Candy \"vasilki\", factory Rot Front.","isPartOf":{"@id":"https:\/\/coffeetea.ee\/en\/#website"},"primaryImageOfPage":{"@id":"https:\/\/coffeetea.ee\/en\/product\/candy-vasilki-factory-rot-front\/#primaryimage"},"image":{"@id":"https:\/\/coffeetea.ee\/en\/product\/candy-vasilki-factory-rot-front\/#primaryimage"},"thumbnailUrl":"https:\/\/coffeetea.ee\/wp-content\/uploads\/2023\/11\/vasilek.jpg","datePublished":"2023-11-12T10:31:22+00:00","dateModified":"2026-04-20T15:26:50+00:00","breadcrumb":{"@id":"https:\/\/coffeetea.ee\/en\/product\/candy-vasilki-factory-rot-front\/#breadcrumb"},"inLanguage":"en-US","potentialAction":[{"@type":"ReadAction","target":["https:\/\/coffeetea.ee\/en\/product\/candy-vasilki-factory-rot-front\/"]}]},{"@type":"ImageObject","inLanguage":"en-US","@id":"https:\/\/coffeetea.ee\/en\/product\/candy-vasilki-factory-rot-front\/#primaryimage","url":"https:\/\/coffeetea.ee\/wp-content\/uploads\/2023\/11\/vasilek.jpg","contentUrl":"https:\/\/coffeetea.ee\/wp-content\/uploads\/2023\/11\/vasilek.jpg","width":600,"height":600},{"@type":"BreadcrumbList","@id":"https:\/\/coffeetea.ee\/en\/product\/candy-vasilki-factory-rot-front\/#breadcrumb","itemListElement":[{"@type":"ListItem","position":1,"name":"Home","item":"https:\/\/coffeetea.ee\/en\/"},{"@type":"ListItem","position":2,"name":"Shop","item":"https:\/\/coffeetea.ee\/en\/shop\/"},{"@type":"ListItem","position":3,"name":"Candy &#8220;vasilki&#8221;, factory Rot Front."}]},{"@type":"WebSite","@id":"https:\/\/coffeetea.ee\/en\/#website","url":"https:\/\/coffeetea.ee\/en\/","name":"Kohv ja tee","description":"Kohvi- ja Teepood | Kohv ja Tee Igale Maitsele","publisher":{"@id":"https:\/\/coffeetea.ee\/en\/#organization"},"potentialAction":[{"@type":"SearchAction","target":{"@type":"EntryPoint","urlTemplate":"https:\/\/coffeetea.ee\/en\/?s={search_term_string}"},"query-input":{"@type":"PropertyValueSpecification","valueRequired":true,"valueName":"search_term_string"}}],"inLanguage":"en-US"},{"@type":"Organization","@id":"https:\/\/coffeetea.ee\/en\/#organization","name":"DKM Brothers O\u00dc","url":"https:\/\/coffeetea.ee\/en\/","logo":{"@type":"ImageObject","inLanguage":"en-US","@id":"https:\/\/coffeetea.ee\/en\/#\/schema\/logo\/image\/","url":"https:\/\/coffeetea.ee\/wp-content\/uploads\/2022\/11\/logo_website.webp","contentUrl":"https:\/\/coffeetea.ee\/wp-content\/uploads\/2022\/11\/logo_website.webp","width":200,"height":195,"caption":"DKM Brothers O\u00dc"},"image":{"@id":"https:\/\/coffeetea.ee\/en\/#\/schema\/logo\/image\/"},"sameAs":["https:\/\/www.facebook.com\/Coffeetea.est","https:\/\/www.instagram.com\/coffeetea.ee\/"]}]}},"_links":{"self":[{"href":"https:\/\/coffeetea.ee\/en\/wp-json\/wp\/v2\/product\/8043","targetHints":{"allow":["GET"]}}],"collection":[{"href":"https:\/\/coffeetea.ee\/en\/wp-json\/wp\/v2\/product"}],"about":[{"href":"https:\/\/coffeetea.ee\/en\/wp-json\/wp\/v2\/types\/product"}],"replies":[{"embeddable":true,"href":"https:\/\/coffeetea.ee\/en\/wp-json\/wp\/v2\/comments?post=8043"}],"wp:featuredmedia":[{"embeddable":true,"href":"https:\/\/coffeetea.ee\/en\/wp-json\/wp\/v2\/media\/7973"}],"wp:attachment":[{"href":"https:\/\/coffeetea.ee\/en\/wp-json\/wp\/v2\/media?parent=8043"}],"wp:term":[{"taxonomy":"product_brand","embeddable":true,"href":"https:\/\/coffeetea.ee\/en\/wp-json\/wp\/v2\/product_brand?post=8043"},{"taxonomy":"product_cat","embeddable":true,"href":"https:\/\/coffeetea.ee\/en\/wp-json\/wp\/v2\/product_cat?post=8043"},{"taxonomy":"product_tag","embeddable":true,"href":"https:\/\/coffeetea.ee\/en\/wp-json\/wp\/v2\/product_tag?post=8043"}],"curies":[{"name":"wp","href":"https:\/\/api.w.org\/{rel}","templated":true}]}}