{"id":8055,"date":"2023-11-12T12:19:27","date_gmt":"2023-11-12T10:19:27","guid":{"rendered":"https:\/\/coffeetea.ee\/product\/birds-milk-candy-creamy-vanilla-rot-front\/"},"modified":"2026-01-27T11:26:56","modified_gmt":"2026-01-27T09:26:56","slug":"birds-milk-candy-creamy-vanilla-rot-front","status":"publish","type":"product","link":"https:\/\/coffeetea.ee\/en\/product\/birds-milk-candy-creamy-vanilla-rot-front\/","title":{"rendered":"&#8220;Ptichje Moloko&#8221; Candies, Creamy Vanilla, Rot Front, kg"},"content":{"rendered":"<p><strong>Specification<\/strong><\/p>\n<p>Delicate airy &#8220;Bird&#8217;s Milk&#8221; candies are squares of creamy vanilla souffl\u00e9 covered with dark chocolate coating. Familiar from childhood, the delicate flavor of creamy plombi\u00e8re, soft as a cloud, the texture of the souffl\u00e9 and crispy glaze, on the background of which the filling seems even more delicate. Melting sweet bliss.<\/p>\n","protected":false},"excerpt":{"rendered":"<ul>\n<li>\n<p data-path-to-node=\"4,0,0\">Chocolate-coated candies with a whipped center.<\/p>\n<\/li>\n<li>\n<p data-path-to-node=\"4,1,0\">Ingredients: Sugar, chocolate coating (sugar, cocoa mass, cocoa butter equivalent (vegetable oils), cocoa powder, emulsifiers: soy lecithin, E476; vanilla flavoring), drinking water, butter (milk), sweetened condensed milk (whole milk, sugar), dried egg white, gelling agent (agar), acidity regulator (citric acid), preservative (E202) (potassium sorbate), flavorings (vanilla, cream, almond).<\/p>\n<\/li>\n<li>\n<p data-path-to-node=\"4,2,0\">Substances that may cause allergies or intolerances: Contains dairy products, egg white, soy lecithin. May contain trace amounts of peanuts, tree nuts, and wheat gluten. <\/p>\n<\/li>\n<li>\n<p data-path-to-node=\"4,3,0\">Quantity of specific ingredients (QUID): Total cocoa solids in the coating &#8211; not less than 40%.<\/p>\n<\/li>\n<li>\n<p data-path-to-node=\"4,4,0\">Net weight: 0.5-1 kg.<\/p>\n<\/li>\n<li>\n<p data-path-to-node=\"4,5,0\">Minimum expiration date: Best before<\/p>\n<blockquote data-path-to-node=\"4,5,1\">\n<p data-path-to-node=\"4,5,1,0\">Important: Genuine &#8220;Ptichye Moloko&#8221; has a short shelf life (usually 3 to 6 months). Check the date on the packaging. <\/p>\n<\/blockquote>\n<\/li>\n<li>\n<p data-path-to-node=\"4,6,0\">Storage conditions: Store in a dry, cool place at a temperature of +15\u00b0C to +21\u00b0C and a relative humidity of no more than 75%. Do not expose to direct sunlight.<\/p>\n<\/li>\n<li>\n<p data-path-to-node=\"4,7,0\"><b data-path-to-node=\"4,7,0\" data-index-in-node=\"0\">Name and address of the company:<\/b><\/p>\n<ul data-path-to-node=\"4,7,1\">\n<li>\n<p data-path-to-node=\"4,7,1,0,0\"><b data-path-to-node=\"4,7,1,0,0\" data-index-in-node=\"0\">Manufacturer:<\/b> OJSC &#8220;ROTH FRONT&#8221;, 2nd Novokuznetskiy per. 13\/15, Moscow, Russia.<\/p>\n<\/li>\n<li>\n<p data-path-to-node=\"4,7,1,1,0\"><b data-path-to-node=\"4,7,1,1,0\" data-index-in-node=\"0\">Importer in the EU:<\/b> Vikstal O\u00dc.<\/p>\n<\/li>\n<\/ul>\n<\/li>\n<li>\n<p data-path-to-node=\"4,8,0\">Country of origin: Russia.<\/p>\n<\/li>\n<li>\n<p data-path-to-node=\"4,9,0\"><b data-path-to-node=\"4,9,0\" data-index-in-node=\"0\">Nutritional value (per 100 g):<\/b><\/p>\n<ul data-path-to-node=\"4,9,1\">\n<li>\n<p data-path-to-node=\"4,9,1,0,0\">Energy: 1880 kJ \/ 450 kcal<\/p>\n<\/li>\n<li>\n<p data-path-to-node=\"4,9,1,1,0\">Fat: 24.0 g (of which saturated fatty acids: 14.3 g)<\/p>\n<\/li>\n<li>\n<p data-path-to-node=\"4,9,1,2,0\">Carbohydrates: 56.0 g (of which sugars: 49.0 g)<\/p>\n<\/li>\n<li>\n<p data-path-to-node=\"4,9,1,3,0\">Protein: 2.5 g<\/p>\n<\/li>\n<li>\n<p data-path-to-node=\"4,9,1,4,0\">Salt: 0.1 g<\/p>\n<\/li>\n<\/ul>\n<\/li>\n<\/ul>\n","protected":false},"featured_media":7949,"comment_status":"open","ping_status":"closed","template":"","meta":[],"product_brand":[],"product_cat":[213],"product_tag":[237,231,159,162],"class_list":{"0":"post-8055","1":"product","2":"type-product","3":"status-publish","4":"has-post-thumbnail","6":"product_cat-sweets","7":"product_tag-chocolate","8":"product_tag-chocolate-candies","9":"product_tag-fragrance","10":"product_tag-pleasure","12":"first","13":"outofstock","14":"taxable","15":"shipping-taxable","16":"purchasable","17":"product-type-variable"},"yoast_head":"<!-- This site is optimized with the Yoast SEO plugin v27.4 - https:\/\/yoast.com\/product\/yoast-seo-wordpress\/ -->\n<title>&quot;Ptichje Moloko&quot; Candies, Creamy Vanilla, Rot Front, kg<\/title>\n<meta name=\"robots\" content=\"index, follow, max-snippet:-1, max-image-preview:large, max-video-preview:-1\" \/>\n<link rel=\"canonical\" href=\"https:\/\/coffeetea.ee\/en\/product\/birds-milk-candy-creamy-vanilla-rot-front\/\" \/>\n<meta property=\"og:locale\" content=\"en_US\" \/>\n<meta property=\"og:type\" content=\"article\" \/>\n<meta property=\"og:title\" content=\"&quot;Ptichje Moloko&quot; Candies, Creamy Vanilla, Rot Front, kg\" \/>\n<meta property=\"og:description\" content=\"Chocolate-coated candies with a whipped center.   Ingredients: Sugar, chocolate coating (sugar, cocoa mass, cocoa butter equivalent (vegetable oils), cocoa powder, emulsifiers: soy lecithin, E476; vanilla flavoring), drinking water, butter (milk), sweetened condensed milk (whole milk, sugar), dried egg white, gelling agent (agar), acidity regulator (citric acid), preservative (E202) (potassium sorbate), flavorings (vanilla, cream, almond).   Substances that may cause allergies or intolerances: Contains dairy products, egg white, soy lecithin. May contain trace amounts of peanuts, tree nuts, and wheat gluten.   Quantity of specific ingredients (QUID): Total cocoa solids in the coating - not less than 40%.   Net weight: 0.5-1 kg.   Minimum expiration date: Best before  Important: Genuine &quot;Ptichye Moloko&quot; has a short shelf life (usually 3 to 6 months). Check the date on the packaging.    Storage conditions: Store in a dry, cool place at a temperature of +15\u00b0C to +21\u00b0C and a relative humidity of no more than 75%. Do not expose to direct sunlight.   Name and address of the company:   Manufacturer: OJSC &quot;ROTH FRONT&quot;, 2nd Novokuznetskiy per. 13\/15, Moscow, Russia.   Importer in the EU: Vikstal O\u00dc.    Country of origin: Russia.   Nutritional value (per 100 g):   Energy: 1880 kJ \/ 450 kcal   Fat: 24.0 g (of which saturated fatty acids: 14.3 g)   Carbohydrates: 56.0 g (of which sugars: 49.0 g)   Protein: 2.5 g   Salt: 0.1 g\" \/>\n<meta property=\"og:url\" content=\"https:\/\/coffeetea.ee\/en\/product\/birds-milk-candy-creamy-vanilla-rot-front\/\" \/>\n<meta property=\"og:site_name\" content=\"Coffee and Tea store | Coffee and Tea to suit all tastes\" \/>\n<meta property=\"article:publisher\" content=\"https:\/\/www.facebook.com\/Coffeetea.est\" \/>\n<meta property=\"article:modified_time\" content=\"2026-01-27T09:26:56+00:00\" \/>\n<meta property=\"og:image\" content=\"https:\/\/coffeetea.ee\/wp-content\/uploads\/2023\/11\/ptiche-moloko-2.jpg\" \/>\n\t<meta property=\"og:image:width\" content=\"600\" \/>\n\t<meta property=\"og:image:height\" content=\"600\" \/>\n\t<meta property=\"og:image:type\" content=\"image\/jpeg\" \/>\n<meta name=\"twitter:card\" content=\"summary_large_image\" \/>\n<script type=\"application\/ld+json\" class=\"yoast-schema-graph\">{\"@context\":\"https:\\\/\\\/schema.org\",\"@graph\":[{\"@type\":\"WebPage\",\"@id\":\"https:\\\/\\\/coffeetea.ee\\\/en\\\/product\\\/birds-milk-candy-creamy-vanilla-rot-front\\\/\",\"url\":\"https:\\\/\\\/coffeetea.ee\\\/en\\\/product\\\/birds-milk-candy-creamy-vanilla-rot-front\\\/\",\"name\":\"\\\"Ptichje Moloko\\\" Candies, Creamy Vanilla, Rot Front, kg\",\"isPartOf\":{\"@id\":\"https:\\\/\\\/coffeetea.ee\\\/en\\\/#website\"},\"primaryImageOfPage\":{\"@id\":\"https:\\\/\\\/coffeetea.ee\\\/en\\\/product\\\/birds-milk-candy-creamy-vanilla-rot-front\\\/#primaryimage\"},\"image\":{\"@id\":\"https:\\\/\\\/coffeetea.ee\\\/en\\\/product\\\/birds-milk-candy-creamy-vanilla-rot-front\\\/#primaryimage\"},\"thumbnailUrl\":\"https:\\\/\\\/coffeetea.ee\\\/wp-content\\\/uploads\\\/2023\\\/11\\\/ptiche-moloko-2.jpg\",\"datePublished\":\"2023-11-12T10:19:27+00:00\",\"dateModified\":\"2026-01-27T09:26:56+00:00\",\"breadcrumb\":{\"@id\":\"https:\\\/\\\/coffeetea.ee\\\/en\\\/product\\\/birds-milk-candy-creamy-vanilla-rot-front\\\/#breadcrumb\"},\"inLanguage\":\"en-US\",\"potentialAction\":[{\"@type\":\"ReadAction\",\"target\":[\"https:\\\/\\\/coffeetea.ee\\\/en\\\/product\\\/birds-milk-candy-creamy-vanilla-rot-front\\\/\"]}]},{\"@type\":\"ImageObject\",\"inLanguage\":\"en-US\",\"@id\":\"https:\\\/\\\/coffeetea.ee\\\/en\\\/product\\\/birds-milk-candy-creamy-vanilla-rot-front\\\/#primaryimage\",\"url\":\"https:\\\/\\\/coffeetea.ee\\\/wp-content\\\/uploads\\\/2023\\\/11\\\/ptiche-moloko-2.jpg\",\"contentUrl\":\"https:\\\/\\\/coffeetea.ee\\\/wp-content\\\/uploads\\\/2023\\\/11\\\/ptiche-moloko-2.jpg\",\"width\":600,\"height\":600},{\"@type\":\"BreadcrumbList\",\"@id\":\"https:\\\/\\\/coffeetea.ee\\\/en\\\/product\\\/birds-milk-candy-creamy-vanilla-rot-front\\\/#breadcrumb\",\"itemListElement\":[{\"@type\":\"ListItem\",\"position\":1,\"name\":\"Home\",\"item\":\"https:\\\/\\\/coffeetea.ee\\\/en\\\/\"},{\"@type\":\"ListItem\",\"position\":2,\"name\":\"Shop\",\"item\":\"https:\\\/\\\/coffeetea.ee\\\/en\\\/shop\\\/\"},{\"@type\":\"ListItem\",\"position\":3,\"name\":\"&#8220;Ptichje Moloko&#8221; Candies, Creamy Vanilla, Rot Front, kg\"}]},{\"@type\":\"WebSite\",\"@id\":\"https:\\\/\\\/coffeetea.ee\\\/en\\\/#website\",\"url\":\"https:\\\/\\\/coffeetea.ee\\\/en\\\/\",\"name\":\"Kohv ja tee\",\"description\":\"Kohvi- ja Teepood | Kohv ja Tee Igale Maitsele\",\"publisher\":{\"@id\":\"https:\\\/\\\/coffeetea.ee\\\/en\\\/#organization\"},\"potentialAction\":[{\"@type\":\"SearchAction\",\"target\":{\"@type\":\"EntryPoint\",\"urlTemplate\":\"https:\\\/\\\/coffeetea.ee\\\/en\\\/?s={search_term_string}\"},\"query-input\":{\"@type\":\"PropertyValueSpecification\",\"valueRequired\":true,\"valueName\":\"search_term_string\"}}],\"inLanguage\":\"en-US\"},{\"@type\":\"Organization\",\"@id\":\"https:\\\/\\\/coffeetea.ee\\\/en\\\/#organization\",\"name\":\"DKM Brothers O\u00dc\",\"url\":\"https:\\\/\\\/coffeetea.ee\\\/en\\\/\",\"logo\":{\"@type\":\"ImageObject\",\"inLanguage\":\"en-US\",\"@id\":\"https:\\\/\\\/coffeetea.ee\\\/en\\\/#\\\/schema\\\/logo\\\/image\\\/\",\"url\":\"https:\\\/\\\/coffeetea.ee\\\/wp-content\\\/uploads\\\/2022\\\/11\\\/logo_website.webp\",\"contentUrl\":\"https:\\\/\\\/coffeetea.ee\\\/wp-content\\\/uploads\\\/2022\\\/11\\\/logo_website.webp\",\"width\":200,\"height\":195,\"caption\":\"DKM Brothers O\u00dc\"},\"image\":{\"@id\":\"https:\\\/\\\/coffeetea.ee\\\/en\\\/#\\\/schema\\\/logo\\\/image\\\/\"},\"sameAs\":[\"https:\\\/\\\/www.facebook.com\\\/Coffeetea.est\",\"https:\\\/\\\/www.instagram.com\\\/coffeetea.ee\\\/\"]}]}<\/script>\n<!-- \/ Yoast SEO plugin. -->","yoast_head_json":{"title":"\"Ptichje Moloko\" Candies, Creamy Vanilla, Rot Front, kg","robots":{"index":"index","follow":"follow","max-snippet":"max-snippet:-1","max-image-preview":"max-image-preview:large","max-video-preview":"max-video-preview:-1"},"canonical":"https:\/\/coffeetea.ee\/en\/product\/birds-milk-candy-creamy-vanilla-rot-front\/","og_locale":"en_US","og_type":"article","og_title":"\"Ptichje Moloko\" Candies, Creamy Vanilla, Rot Front, kg","og_description":"Chocolate-coated candies with a whipped center.   Ingredients: Sugar, chocolate coating (sugar, cocoa mass, cocoa butter equivalent (vegetable oils), cocoa powder, emulsifiers: soy lecithin, E476; vanilla flavoring), drinking water, butter (milk), sweetened condensed milk (whole milk, sugar), dried egg white, gelling agent (agar), acidity regulator (citric acid), preservative (E202) (potassium sorbate), flavorings (vanilla, cream, almond).   Substances that may cause allergies or intolerances: Contains dairy products, egg white, soy lecithin. May contain trace amounts of peanuts, tree nuts, and wheat gluten.   Quantity of specific ingredients (QUID): Total cocoa solids in the coating - not less than 40%.   Net weight: 0.5-1 kg.   Minimum expiration date: Best before  Important: Genuine \"Ptichye Moloko\" has a short shelf life (usually 3 to 6 months). Check the date on the packaging.    Storage conditions: Store in a dry, cool place at a temperature of +15\u00b0C to +21\u00b0C and a relative humidity of no more than 75%. Do not expose to direct sunlight.   Name and address of the company:   Manufacturer: OJSC \"ROTH FRONT\", 2nd Novokuznetskiy per. 13\/15, Moscow, Russia.   Importer in the EU: Vikstal O\u00dc.    Country of origin: Russia.   Nutritional value (per 100 g):   Energy: 1880 kJ \/ 450 kcal   Fat: 24.0 g (of which saturated fatty acids: 14.3 g)   Carbohydrates: 56.0 g (of which sugars: 49.0 g)   Protein: 2.5 g   Salt: 0.1 g","og_url":"https:\/\/coffeetea.ee\/en\/product\/birds-milk-candy-creamy-vanilla-rot-front\/","og_site_name":"Coffee and Tea store | Coffee and Tea to suit all tastes","article_publisher":"https:\/\/www.facebook.com\/Coffeetea.est","article_modified_time":"2026-01-27T09:26:56+00:00","og_image":[{"width":600,"height":600,"url":"https:\/\/coffeetea.ee\/wp-content\/uploads\/2023\/11\/ptiche-moloko-2.jpg","type":"image\/jpeg"}],"twitter_card":"summary_large_image","schema":{"@context":"https:\/\/schema.org","@graph":[{"@type":"WebPage","@id":"https:\/\/coffeetea.ee\/en\/product\/birds-milk-candy-creamy-vanilla-rot-front\/","url":"https:\/\/coffeetea.ee\/en\/product\/birds-milk-candy-creamy-vanilla-rot-front\/","name":"\"Ptichje Moloko\" Candies, Creamy Vanilla, Rot Front, kg","isPartOf":{"@id":"https:\/\/coffeetea.ee\/en\/#website"},"primaryImageOfPage":{"@id":"https:\/\/coffeetea.ee\/en\/product\/birds-milk-candy-creamy-vanilla-rot-front\/#primaryimage"},"image":{"@id":"https:\/\/coffeetea.ee\/en\/product\/birds-milk-candy-creamy-vanilla-rot-front\/#primaryimage"},"thumbnailUrl":"https:\/\/coffeetea.ee\/wp-content\/uploads\/2023\/11\/ptiche-moloko-2.jpg","datePublished":"2023-11-12T10:19:27+00:00","dateModified":"2026-01-27T09:26:56+00:00","breadcrumb":{"@id":"https:\/\/coffeetea.ee\/en\/product\/birds-milk-candy-creamy-vanilla-rot-front\/#breadcrumb"},"inLanguage":"en-US","potentialAction":[{"@type":"ReadAction","target":["https:\/\/coffeetea.ee\/en\/product\/birds-milk-candy-creamy-vanilla-rot-front\/"]}]},{"@type":"ImageObject","inLanguage":"en-US","@id":"https:\/\/coffeetea.ee\/en\/product\/birds-milk-candy-creamy-vanilla-rot-front\/#primaryimage","url":"https:\/\/coffeetea.ee\/wp-content\/uploads\/2023\/11\/ptiche-moloko-2.jpg","contentUrl":"https:\/\/coffeetea.ee\/wp-content\/uploads\/2023\/11\/ptiche-moloko-2.jpg","width":600,"height":600},{"@type":"BreadcrumbList","@id":"https:\/\/coffeetea.ee\/en\/product\/birds-milk-candy-creamy-vanilla-rot-front\/#breadcrumb","itemListElement":[{"@type":"ListItem","position":1,"name":"Home","item":"https:\/\/coffeetea.ee\/en\/"},{"@type":"ListItem","position":2,"name":"Shop","item":"https:\/\/coffeetea.ee\/en\/shop\/"},{"@type":"ListItem","position":3,"name":"&#8220;Ptichje Moloko&#8221; Candies, Creamy Vanilla, Rot Front, kg"}]},{"@type":"WebSite","@id":"https:\/\/coffeetea.ee\/en\/#website","url":"https:\/\/coffeetea.ee\/en\/","name":"Kohv ja tee","description":"Kohvi- ja Teepood | Kohv ja Tee Igale Maitsele","publisher":{"@id":"https:\/\/coffeetea.ee\/en\/#organization"},"potentialAction":[{"@type":"SearchAction","target":{"@type":"EntryPoint","urlTemplate":"https:\/\/coffeetea.ee\/en\/?s={search_term_string}"},"query-input":{"@type":"PropertyValueSpecification","valueRequired":true,"valueName":"search_term_string"}}],"inLanguage":"en-US"},{"@type":"Organization","@id":"https:\/\/coffeetea.ee\/en\/#organization","name":"DKM Brothers O\u00dc","url":"https:\/\/coffeetea.ee\/en\/","logo":{"@type":"ImageObject","inLanguage":"en-US","@id":"https:\/\/coffeetea.ee\/en\/#\/schema\/logo\/image\/","url":"https:\/\/coffeetea.ee\/wp-content\/uploads\/2022\/11\/logo_website.webp","contentUrl":"https:\/\/coffeetea.ee\/wp-content\/uploads\/2022\/11\/logo_website.webp","width":200,"height":195,"caption":"DKM Brothers O\u00dc"},"image":{"@id":"https:\/\/coffeetea.ee\/en\/#\/schema\/logo\/image\/"},"sameAs":["https:\/\/www.facebook.com\/Coffeetea.est","https:\/\/www.instagram.com\/coffeetea.ee\/"]}]}},"_links":{"self":[{"href":"https:\/\/coffeetea.ee\/en\/wp-json\/wp\/v2\/product\/8055","targetHints":{"allow":["GET"]}}],"collection":[{"href":"https:\/\/coffeetea.ee\/en\/wp-json\/wp\/v2\/product"}],"about":[{"href":"https:\/\/coffeetea.ee\/en\/wp-json\/wp\/v2\/types\/product"}],"replies":[{"embeddable":true,"href":"https:\/\/coffeetea.ee\/en\/wp-json\/wp\/v2\/comments?post=8055"}],"wp:featuredmedia":[{"embeddable":true,"href":"https:\/\/coffeetea.ee\/en\/wp-json\/wp\/v2\/media\/7949"}],"wp:attachment":[{"href":"https:\/\/coffeetea.ee\/en\/wp-json\/wp\/v2\/media?parent=8055"}],"wp:term":[{"taxonomy":"product_brand","embeddable":true,"href":"https:\/\/coffeetea.ee\/en\/wp-json\/wp\/v2\/product_brand?post=8055"},{"taxonomy":"product_cat","embeddable":true,"href":"https:\/\/coffeetea.ee\/en\/wp-json\/wp\/v2\/product_cat?post=8055"},{"taxonomy":"product_tag","embeddable":true,"href":"https:\/\/coffeetea.ee\/en\/wp-json\/wp\/v2\/product_tag?post=8055"}],"curies":[{"name":"wp","href":"https:\/\/api.w.org\/{rel}","templated":true}]}}