{"id":9719,"date":"2025-06-25T15:38:33","date_gmt":"2025-06-25T12:38:33","guid":{"rendered":"https:\/\/coffeetea.ee\/product\/black-sea-candy\/"},"modified":"2026-01-21T14:52:20","modified_gmt":"2026-01-21T12:52:20","slug":"black-sea-candy","status":"publish","type":"product","link":"https:\/\/coffeetea.ee\/en\/product\/black-sea-candy\/","title":{"rendered":"Black Sea candy. kg"},"content":{"rendered":"<p>Chocolate sweets &#8220;Chernomorochka&#8221; with dark fondant filling covered with wavy glaze. Velvety texture of the filling, rich cocoa taste with light peanut notes and bright chocolate and brandy flavor. A real symphony of flavor, soft as the summer Black Sea wind, a wonderful addition to tea and black coffee.  <\/p>\n","protected":false},"excerpt":{"rendered":"<ul data-path-to-node=\"3\">\n<li>\n<p data-path-to-node=\"3,0,0\">Chocolate glazed candies filled with dark fondant with cocoa powder and grated walnuts.<\/p>\n<\/li>\n<li>\n<p data-path-to-node=\"3,1,0\"><b data-path-to-node=\"3,1,0\" data-index-in-node=\"0\">Ingredients:<\/b> Sugar, chocolate coating (sugar, cocoa mass, cocoa butter equivalent (vegetable oils), cocoa powder, emulsifiers: <b data-path-to-node=\"3,1,0\" data-index-in-node=\"129\">soy lecithin<\/b>, E476; flavoring &#8220;Vanilla&#8221;), drinking water, condensed <b data-path-to-node=\"3,1,0\" data-index-in-node=\"210\">milk<\/b> with sugar (whole <b data-path-to-node=\"3,1,0\" data-index-in-node=\"226\">milk<\/b>, sugar), molasses, cocoa powder, grated <b data-path-to-node=\"3,1,0\" data-index-in-node=\"277\">cashew<\/b> kernels, milk fat replacer (vegetable oils), rectified ethyl alcohol (0.6%), flavoring &#8220;Rum&#8221;.<\/p>\n<\/li>\n<li>\n<p data-path-to-node=\"3,2,0\"><b data-path-to-node=\"3,2,0\" data-index-in-node=\"0\">Allergic or intolerant substances:<\/b> <b data-path-to-node=\"3,2,0\" data-index-in-node=\"51\">Soy lecithin, milk, cashews<\/b>. May contain traces of <b data-path-to-node=\"3,2,0\" data-index-in-node=\"104\">peanuts<\/b>, <b data-path-to-node=\"3,2,0\" data-index-in-node=\"130\">hazelnuts<\/b> and other <b data-path-to-node=\"3,2,0\" data-index-in-node=\"130\">nuts<\/b>. <\/p>\n<\/li>\n<li>\n<p data-path-to-node=\"3,3,0\"><b data-path-to-node=\"3,3,0\" data-index-in-node=\"0\">Quantities of certain ingredients (QUID):<\/b> Cocoa powder and grated cashew kernels.<\/p>\n<\/li>\n<li>\n<p data-path-to-node=\"3,4,0\"><b data-path-to-node=\"3,4,0\" data-index-in-node=\"0\">Net weight:<\/b> [M\u00e4rkida kaal: tavaliselt 200 g, 250 g v\u00f5i lahtise m\u00fc\u00fcgi puhul 1 kg].<\/p>\n<\/li>\n<li>\n<p data-path-to-node=\"3,5,0\"><b data-path-to-node=\"3,5,0\" data-index-in-node=\"0\">Minimum expiration date:<\/b> Good until: [DD.MM.YYYY].<\/p>\n<\/li>\n<li>\n<p data-path-to-node=\"3,6,0\"><b data-path-to-node=\"3,6,0\" data-index-in-node=\"0\">Storage and\/or use conditions:<\/b> Store in a dry and cool place at temperatures from +15\u00b0C to +21\u00b0C and relative humidity not exceeding 75%. Do not expose to direct sunlight. <\/p>\n<\/li>\n<li>\n<p data-path-to-node=\"3,7,0\"><b data-path-to-node=\"3,7,0\" data-index-in-node=\"0\">Name and address of the responsible entity:<\/b><\/p>\n<ul data-path-to-node=\"3,7,1\">\n<li>\n<p data-path-to-node=\"3,7,1,0,0\"><b data-path-to-node=\"3,7,1,0,0\" data-index-in-node=\"0\">Manufacturer:<\/b> PJSC Krasny Oktyabr, 7, Malaya Krasnoselskaya St., Moscow, Russia.<\/p>\n<\/li>\n<li>\n<p data-path-to-node=\"3,7,1,1,0\"><b data-path-to-node=\"3,7,1,1,0\" data-index-in-node=\"0\">Importer in the EU:<\/b> Vikstal O\u00dc.<\/p>\n<\/li>\n<\/ul>\n<\/li>\n<li>\n<p data-path-to-node=\"3,8,0\"><b data-path-to-node=\"3,8,0\" data-index-in-node=\"0\">Country of origin or place of origin:<\/b> Russia.<\/p>\n<\/li>\n<li>\n<p data-path-to-node=\"3,9,0\"><b data-path-to-node=\"3,9,0\" data-index-in-node=\"0\">Information on the origin of the main ingredient:<\/b> Sugar and milk are produced in the Russian Federation. Cocoa products &#8211; imported raw materials. Manufactured in Russia.  <\/p>\n<\/li>\n<li>\n<p data-path-to-node=\"3,10,0\"><b data-path-to-node=\"3,10,0\" data-index-in-node=\"0\">Nutritional value (per 100 g):<\/b><\/p>\n<ul data-path-to-node=\"3,10,1\">\n<li>\n<p data-path-to-node=\"3,10,1,0,0\">Energy value: 1690 kJ \/ 400 kcal<\/p>\n<\/li>\n<li>\n<p data-path-to-node=\"3,10,1,1,0\">Fats: 10.0 g (of which saturated fatty acids: 5.5 g)<\/p>\n<\/li>\n<li>\n<p data-path-to-node=\"3,10,1,2,0\">Carbohydrates: 75.0 g (of which sugars: 70.0 g)<\/p>\n<\/li>\n<li>\n<p data-path-to-node=\"3,10,1,3,0\">Protein: 2.5 g<\/p>\n<\/li>\n<li>\n<p data-path-to-node=\"3,10,1,4,0\">Salt: 0.1 g<\/p>\n<\/li>\n<\/ul>\n<\/li>\n<\/ul>\n","protected":false},"featured_media":9696,"comment_status":"open","ping_status":"closed","template":"","meta":[],"product_brand":[],"product_cat":[213],"product_tag":[231,159,162,232],"class_list":{"0":"post-9719","1":"product","2":"type-product","3":"status-publish","4":"has-post-thumbnail","6":"product_cat-sweets","7":"product_tag-chocolate-candies","8":"product_tag-fragrance","9":"product_tag-pleasure","10":"product_tag-sweet-dessert","12":"first","13":"instock","14":"taxable","15":"shipping-taxable","16":"purchasable","17":"product-type-variable"},"yoast_head":"<!-- This site is optimized with the Yoast SEO plugin v27.4 - https:\/\/yoast.com\/product\/yoast-seo-wordpress\/ -->\n<title>Black Sea candy. kg<\/title>\n<meta name=\"robots\" content=\"index, follow, max-snippet:-1, max-image-preview:large, max-video-preview:-1\" \/>\n<link rel=\"canonical\" href=\"https:\/\/coffeetea.ee\/en\/product\/black-sea-candy\/\" \/>\n<meta property=\"og:locale\" content=\"en_US\" \/>\n<meta property=\"og:type\" content=\"article\" \/>\n<meta property=\"og:title\" content=\"Black Sea candy. kg\" \/>\n<meta property=\"og:description\" content=\"Chocolate glazed candies filled with dark fondant with cocoa powder and grated walnuts.   Ingredients: Sugar, chocolate coating (sugar, cocoa mass, cocoa butter equivalent (vegetable oils), cocoa powder, emulsifiers: soy lecithin, E476; flavoring &quot;Vanilla&quot;), drinking water, condensed milk with sugar (whole milk, sugar), molasses, cocoa powder, grated cashew kernels, milk fat replacer (vegetable oils), rectified ethyl alcohol (0.6%), flavoring &quot;Rum&quot;.   Allergic or intolerant substances: Soy lecithin, milk, cashews. May contain traces of peanuts, hazelnuts and other nuts.   Quantities of certain ingredients (QUID): Cocoa powder and grated cashew kernels.   Net weight: [M\u00e4rkida kaal: tavaliselt 200 g, 250 g v\u00f5i lahtise m\u00fc\u00fcgi puhul 1 kg].   Minimum expiration date: Good until: [DD.MM.YYYY].   Storage and\/or use conditions: Store in a dry and cool place at temperatures from +15\u00b0C to +21\u00b0C and relative humidity not exceeding 75%. Do not expose to direct sunlight.   Name and address of the responsible entity:   Manufacturer: PJSC Krasny Oktyabr, 7, Malaya Krasnoselskaya St., Moscow, Russia.   Importer in the EU: Vikstal O\u00dc.    Country of origin or place of origin: Russia.   Information on the origin of the main ingredient: Sugar and milk are produced in the Russian Federation. Cocoa products - imported raw materials. Manufactured in Russia.    Nutritional value (per 100 g):   Energy value: 1690 kJ \/ 400 kcal   Fats: 10.0 g (of which saturated fatty acids: 5.5 g)   Carbohydrates: 75.0 g (of which sugars: 70.0 g)   Protein: 2.5 g   Salt: 0.1 g\" \/>\n<meta property=\"og:url\" content=\"https:\/\/coffeetea.ee\/en\/product\/black-sea-candy\/\" \/>\n<meta property=\"og:site_name\" content=\"Coffee and Tea store | Coffee and Tea to suit all tastes\" \/>\n<meta property=\"article:publisher\" content=\"https:\/\/www.facebook.com\/Coffeetea.est\" \/>\n<meta property=\"article:modified_time\" content=\"2026-01-21T12:52:20+00:00\" \/>\n<meta property=\"og:image\" content=\"https:\/\/coffeetea.ee\/wp-content\/uploads\/2025\/06\/chernomorka-2.jpg\" \/>\n\t<meta property=\"og:image:width\" content=\"600\" \/>\n\t<meta property=\"og:image:height\" content=\"600\" \/>\n\t<meta property=\"og:image:type\" content=\"image\/jpeg\" \/>\n<meta name=\"twitter:card\" content=\"summary_large_image\" \/>\n<script type=\"application\/ld+json\" class=\"yoast-schema-graph\">{\"@context\":\"https:\\\/\\\/schema.org\",\"@graph\":[{\"@type\":\"WebPage\",\"@id\":\"https:\\\/\\\/coffeetea.ee\\\/en\\\/product\\\/black-sea-candy\\\/\",\"url\":\"https:\\\/\\\/coffeetea.ee\\\/en\\\/product\\\/black-sea-candy\\\/\",\"name\":\"Black Sea candy. kg\",\"isPartOf\":{\"@id\":\"https:\\\/\\\/coffeetea.ee\\\/en\\\/#website\"},\"primaryImageOfPage\":{\"@id\":\"https:\\\/\\\/coffeetea.ee\\\/en\\\/product\\\/black-sea-candy\\\/#primaryimage\"},\"image\":{\"@id\":\"https:\\\/\\\/coffeetea.ee\\\/en\\\/product\\\/black-sea-candy\\\/#primaryimage\"},\"thumbnailUrl\":\"https:\\\/\\\/coffeetea.ee\\\/wp-content\\\/uploads\\\/2025\\\/06\\\/chernomorka-2.jpg\",\"datePublished\":\"2025-06-25T12:38:33+00:00\",\"dateModified\":\"2026-01-21T12:52:20+00:00\",\"breadcrumb\":{\"@id\":\"https:\\\/\\\/coffeetea.ee\\\/en\\\/product\\\/black-sea-candy\\\/#breadcrumb\"},\"inLanguage\":\"en-US\",\"potentialAction\":[{\"@type\":\"ReadAction\",\"target\":[\"https:\\\/\\\/coffeetea.ee\\\/en\\\/product\\\/black-sea-candy\\\/\"]}]},{\"@type\":\"ImageObject\",\"inLanguage\":\"en-US\",\"@id\":\"https:\\\/\\\/coffeetea.ee\\\/en\\\/product\\\/black-sea-candy\\\/#primaryimage\",\"url\":\"https:\\\/\\\/coffeetea.ee\\\/wp-content\\\/uploads\\\/2025\\\/06\\\/chernomorka-2.jpg\",\"contentUrl\":\"https:\\\/\\\/coffeetea.ee\\\/wp-content\\\/uploads\\\/2025\\\/06\\\/chernomorka-2.jpg\",\"width\":600,\"height\":600},{\"@type\":\"BreadcrumbList\",\"@id\":\"https:\\\/\\\/coffeetea.ee\\\/en\\\/product\\\/black-sea-candy\\\/#breadcrumb\",\"itemListElement\":[{\"@type\":\"ListItem\",\"position\":1,\"name\":\"Home\",\"item\":\"https:\\\/\\\/coffeetea.ee\\\/en\\\/\"},{\"@type\":\"ListItem\",\"position\":2,\"name\":\"Shop\",\"item\":\"https:\\\/\\\/coffeetea.ee\\\/en\\\/shop\\\/\"},{\"@type\":\"ListItem\",\"position\":3,\"name\":\"Black Sea candy. kg\"}]},{\"@type\":\"WebSite\",\"@id\":\"https:\\\/\\\/coffeetea.ee\\\/en\\\/#website\",\"url\":\"https:\\\/\\\/coffeetea.ee\\\/en\\\/\",\"name\":\"Kohv ja tee\",\"description\":\"Kohvi- ja Teepood | Kohv ja Tee Igale Maitsele\",\"publisher\":{\"@id\":\"https:\\\/\\\/coffeetea.ee\\\/en\\\/#organization\"},\"potentialAction\":[{\"@type\":\"SearchAction\",\"target\":{\"@type\":\"EntryPoint\",\"urlTemplate\":\"https:\\\/\\\/coffeetea.ee\\\/en\\\/?s={search_term_string}\"},\"query-input\":{\"@type\":\"PropertyValueSpecification\",\"valueRequired\":true,\"valueName\":\"search_term_string\"}}],\"inLanguage\":\"en-US\"},{\"@type\":\"Organization\",\"@id\":\"https:\\\/\\\/coffeetea.ee\\\/en\\\/#organization\",\"name\":\"DKM Brothers O\u00dc\",\"url\":\"https:\\\/\\\/coffeetea.ee\\\/en\\\/\",\"logo\":{\"@type\":\"ImageObject\",\"inLanguage\":\"en-US\",\"@id\":\"https:\\\/\\\/coffeetea.ee\\\/en\\\/#\\\/schema\\\/logo\\\/image\\\/\",\"url\":\"https:\\\/\\\/coffeetea.ee\\\/wp-content\\\/uploads\\\/2022\\\/11\\\/logo_website.webp\",\"contentUrl\":\"https:\\\/\\\/coffeetea.ee\\\/wp-content\\\/uploads\\\/2022\\\/11\\\/logo_website.webp\",\"width\":200,\"height\":195,\"caption\":\"DKM Brothers O\u00dc\"},\"image\":{\"@id\":\"https:\\\/\\\/coffeetea.ee\\\/en\\\/#\\\/schema\\\/logo\\\/image\\\/\"},\"sameAs\":[\"https:\\\/\\\/www.facebook.com\\\/Coffeetea.est\",\"https:\\\/\\\/www.instagram.com\\\/coffeetea.ee\\\/\"]}]}<\/script>\n<!-- \/ Yoast SEO plugin. -->","yoast_head_json":{"title":"Black Sea candy. kg","robots":{"index":"index","follow":"follow","max-snippet":"max-snippet:-1","max-image-preview":"max-image-preview:large","max-video-preview":"max-video-preview:-1"},"canonical":"https:\/\/coffeetea.ee\/en\/product\/black-sea-candy\/","og_locale":"en_US","og_type":"article","og_title":"Black Sea candy. kg","og_description":"Chocolate glazed candies filled with dark fondant with cocoa powder and grated walnuts.   Ingredients: Sugar, chocolate coating (sugar, cocoa mass, cocoa butter equivalent (vegetable oils), cocoa powder, emulsifiers: soy lecithin, E476; flavoring \"Vanilla\"), drinking water, condensed milk with sugar (whole milk, sugar), molasses, cocoa powder, grated cashew kernels, milk fat replacer (vegetable oils), rectified ethyl alcohol (0.6%), flavoring \"Rum\".   Allergic or intolerant substances: Soy lecithin, milk, cashews. May contain traces of peanuts, hazelnuts and other nuts.   Quantities of certain ingredients (QUID): Cocoa powder and grated cashew kernels.   Net weight: [M\u00e4rkida kaal: tavaliselt 200 g, 250 g v\u00f5i lahtise m\u00fc\u00fcgi puhul 1 kg].   Minimum expiration date: Good until: [DD.MM.YYYY].   Storage and\/or use conditions: Store in a dry and cool place at temperatures from +15\u00b0C to +21\u00b0C and relative humidity not exceeding 75%. Do not expose to direct sunlight.   Name and address of the responsible entity:   Manufacturer: PJSC Krasny Oktyabr, 7, Malaya Krasnoselskaya St., Moscow, Russia.   Importer in the EU: Vikstal O\u00dc.    Country of origin or place of origin: Russia.   Information on the origin of the main ingredient: Sugar and milk are produced in the Russian Federation. Cocoa products - imported raw materials. Manufactured in Russia.    Nutritional value (per 100 g):   Energy value: 1690 kJ \/ 400 kcal   Fats: 10.0 g (of which saturated fatty acids: 5.5 g)   Carbohydrates: 75.0 g (of which sugars: 70.0 g)   Protein: 2.5 g   Salt: 0.1 g","og_url":"https:\/\/coffeetea.ee\/en\/product\/black-sea-candy\/","og_site_name":"Coffee and Tea store | Coffee and Tea to suit all tastes","article_publisher":"https:\/\/www.facebook.com\/Coffeetea.est","article_modified_time":"2026-01-21T12:52:20+00:00","og_image":[{"width":600,"height":600,"url":"https:\/\/coffeetea.ee\/wp-content\/uploads\/2025\/06\/chernomorka-2.jpg","type":"image\/jpeg"}],"twitter_card":"summary_large_image","schema":{"@context":"https:\/\/schema.org","@graph":[{"@type":"WebPage","@id":"https:\/\/coffeetea.ee\/en\/product\/black-sea-candy\/","url":"https:\/\/coffeetea.ee\/en\/product\/black-sea-candy\/","name":"Black Sea candy. kg","isPartOf":{"@id":"https:\/\/coffeetea.ee\/en\/#website"},"primaryImageOfPage":{"@id":"https:\/\/coffeetea.ee\/en\/product\/black-sea-candy\/#primaryimage"},"image":{"@id":"https:\/\/coffeetea.ee\/en\/product\/black-sea-candy\/#primaryimage"},"thumbnailUrl":"https:\/\/coffeetea.ee\/wp-content\/uploads\/2025\/06\/chernomorka-2.jpg","datePublished":"2025-06-25T12:38:33+00:00","dateModified":"2026-01-21T12:52:20+00:00","breadcrumb":{"@id":"https:\/\/coffeetea.ee\/en\/product\/black-sea-candy\/#breadcrumb"},"inLanguage":"en-US","potentialAction":[{"@type":"ReadAction","target":["https:\/\/coffeetea.ee\/en\/product\/black-sea-candy\/"]}]},{"@type":"ImageObject","inLanguage":"en-US","@id":"https:\/\/coffeetea.ee\/en\/product\/black-sea-candy\/#primaryimage","url":"https:\/\/coffeetea.ee\/wp-content\/uploads\/2025\/06\/chernomorka-2.jpg","contentUrl":"https:\/\/coffeetea.ee\/wp-content\/uploads\/2025\/06\/chernomorka-2.jpg","width":600,"height":600},{"@type":"BreadcrumbList","@id":"https:\/\/coffeetea.ee\/en\/product\/black-sea-candy\/#breadcrumb","itemListElement":[{"@type":"ListItem","position":1,"name":"Home","item":"https:\/\/coffeetea.ee\/en\/"},{"@type":"ListItem","position":2,"name":"Shop","item":"https:\/\/coffeetea.ee\/en\/shop\/"},{"@type":"ListItem","position":3,"name":"Black Sea candy. kg"}]},{"@type":"WebSite","@id":"https:\/\/coffeetea.ee\/en\/#website","url":"https:\/\/coffeetea.ee\/en\/","name":"Kohv ja tee","description":"Kohvi- ja Teepood | Kohv ja Tee Igale Maitsele","publisher":{"@id":"https:\/\/coffeetea.ee\/en\/#organization"},"potentialAction":[{"@type":"SearchAction","target":{"@type":"EntryPoint","urlTemplate":"https:\/\/coffeetea.ee\/en\/?s={search_term_string}"},"query-input":{"@type":"PropertyValueSpecification","valueRequired":true,"valueName":"search_term_string"}}],"inLanguage":"en-US"},{"@type":"Organization","@id":"https:\/\/coffeetea.ee\/en\/#organization","name":"DKM Brothers O\u00dc","url":"https:\/\/coffeetea.ee\/en\/","logo":{"@type":"ImageObject","inLanguage":"en-US","@id":"https:\/\/coffeetea.ee\/en\/#\/schema\/logo\/image\/","url":"https:\/\/coffeetea.ee\/wp-content\/uploads\/2022\/11\/logo_website.webp","contentUrl":"https:\/\/coffeetea.ee\/wp-content\/uploads\/2022\/11\/logo_website.webp","width":200,"height":195,"caption":"DKM Brothers O\u00dc"},"image":{"@id":"https:\/\/coffeetea.ee\/en\/#\/schema\/logo\/image\/"},"sameAs":["https:\/\/www.facebook.com\/Coffeetea.est","https:\/\/www.instagram.com\/coffeetea.ee\/"]}]}},"_links":{"self":[{"href":"https:\/\/coffeetea.ee\/en\/wp-json\/wp\/v2\/product\/9719","targetHints":{"allow":["GET"]}}],"collection":[{"href":"https:\/\/coffeetea.ee\/en\/wp-json\/wp\/v2\/product"}],"about":[{"href":"https:\/\/coffeetea.ee\/en\/wp-json\/wp\/v2\/types\/product"}],"replies":[{"embeddable":true,"href":"https:\/\/coffeetea.ee\/en\/wp-json\/wp\/v2\/comments?post=9719"}],"wp:featuredmedia":[{"embeddable":true,"href":"https:\/\/coffeetea.ee\/en\/wp-json\/wp\/v2\/media\/9696"}],"wp:attachment":[{"href":"https:\/\/coffeetea.ee\/en\/wp-json\/wp\/v2\/media?parent=9719"}],"wp:term":[{"taxonomy":"product_brand","embeddable":true,"href":"https:\/\/coffeetea.ee\/en\/wp-json\/wp\/v2\/product_brand?post=9719"},{"taxonomy":"product_cat","embeddable":true,"href":"https:\/\/coffeetea.ee\/en\/wp-json\/wp\/v2\/product_cat?post=9719"},{"taxonomy":"product_tag","embeddable":true,"href":"https:\/\/coffeetea.ee\/en\/wp-json\/wp\/v2\/product_tag?post=9719"}],"curies":[{"name":"wp","href":"https:\/\/api.w.org\/{rel}","templated":true}]}}