{"id":5624,"date":"2023-01-13T17:52:18","date_gmt":"2023-01-13T15:52:18","guid":{"rendered":"https:\/\/coffeetea.ee\/product\/curtis-strawberry-mojito-hiina-roheline-lehetee-maasika-mojito-maitsega-90-gr\/"},"modified":"2023-09-20T08:21:18","modified_gmt":"2023-09-20T05:21:18","slug":"curtis-strawberry-mojito-zelenyj-kitajskij-listovoj-chaj-so-vkusom-klubnichnogo-mohito-90-gr","status":"publish","type":"product","link":"https:\/\/coffeetea.ee\/ru\/tovar\/curtis-strawberry-mojito-zelenyj-kitajskij-listovoj-chaj-so-vkusom-klubnichnogo-mohito-90-gr\/","title":{"rendered":"Curtis &#8220;Strawberry Mojito&#8221;, Hiina roheline lehetee maasika mojito maitsega 90 gr."},"content":{"rendered":"<p>Roheline tee paradoksaalse mahlakate maasikate ja jaheda piparm\u00fcndi maitsega, mis on varjutatud tsitruseliste koorega.<\/p>\n<p>Magus maasikate aroom, piparm\u00fcndi jahedus, tsitrusviljade v\u00e4rskus ja valitud roheline tee \u2013 Mojito tee s\u00e4rav variatsioon intrigeeriva k\u00fcpsete maasikate varjundiga.<\/p>\n<p>Koostis:<\/p>\n<p>Rohelise lehe tee, mojito maitse, maasika maitse, piparm\u00fcnt, sidrunhein, tsitrusviljade koor<\/p>\n","protected":false},"excerpt":{"rendered":"<p>Roheline tee paradoksaalse mahlakate maasikate ja jaheda piparm\u00fcndi maitsega, mis on varjutatud tsitruseliste koorega. Magus maasikate aroom, piparm\u00fcndi jahedus, tsitrusviljade v\u00e4rskus ja valitud roheline tee \u2013 Mojito tee s\u00e4rav variatsioon intrigeeriva k\u00fcpsete maasikate varjundiga. Koostis: Rohelise lehe tee, mojito maitse, maasika maitse, piparm\u00fcnt, sidrunhein, tsitrusviljade koor<\/p>\n","protected":false},"featured_media":5804,"comment_status":"open","ping_status":"closed","template":"","meta":[],"product_brand":[],"product_cat":[77,75],"product_tag":[175,163,154],"class_list":{"0":"post-5624","1":"product","2":"type-product","3":"status-publish","4":"has-post-thumbnail","6":"product_cat-curtis","7":"product_cat-tee","8":"product_tag-curtis","9":"product_tag-roheline-tee","10":"product_tag-tee","12":"first","13":"outofstock","14":"taxable","15":"shipping-taxable","16":"purchasable","17":"product-type-simple"},"yoast_head":"<!-- This site is optimized with the Yoast SEO plugin v27.4 - https:\/\/yoast.com\/product\/yoast-seo-wordpress\/ -->\n<title>Curtis &quot;Strawberry Mojito&quot;, Hiina roheline lehetee maasika mojito maitsega 90 gr.<\/title>\n<meta name=\"robots\" content=\"index, follow, max-snippet:-1, max-image-preview:large, max-video-preview:-1\" \/>\n<link rel=\"canonical\" href=\"https:\/\/coffeetea.ee\/ru\/tovar\/curtis-strawberry-mojito-zelenyj-kitajskij-listovoj-chaj-so-vkusom-klubnichnogo-mohito-90-gr\/\" \/>\n<meta property=\"og:locale\" content=\"ru_RU\" \/>\n<meta property=\"og:type\" content=\"article\" \/>\n<meta property=\"og:title\" content=\"Curtis &quot;Strawberry Mojito&quot;, Hiina roheline lehetee maasika mojito maitsega 90 gr.\" \/>\n<meta property=\"og:description\" content=\"Roheline tee paradoksaalse mahlakate maasikate ja jaheda piparm\u00fcndi maitsega, mis on varjutatud tsitruseliste koorega. Magus maasikate aroom, piparm\u00fcndi jahedus, tsitrusviljade v\u00e4rskus ja valitud roheline tee \u2013 Mojito tee s\u00e4rav variatsioon intrigeeriva k\u00fcpsete maasikate varjundiga. Koostis: Rohelise lehe tee, mojito maitse, maasika maitse, piparm\u00fcnt, sidrunhein, tsitrusviljade koor\" \/>\n<meta property=\"og:url\" content=\"https:\/\/coffeetea.ee\/ru\/tovar\/curtis-strawberry-mojito-zelenyj-kitajskij-listovoj-chaj-so-vkusom-klubnichnogo-mohito-90-gr\/\" \/>\n<meta property=\"og:site_name\" content=\"\u041c\u0430\u0433\u0430\u0437\u0438\u043d \u041a\u043e\u0444\u0435 \u0438 \u0427\u0430\u044f | \u041a\u043e\u0444\u0435 \u0438 \u0427\u0430\u0439 \u043d\u0430 \u043b\u044e\u0431\u043e\u0439 \u0432\u043a\u0443\u0441\" \/>\n<meta property=\"article:publisher\" content=\"https:\/\/www.facebook.com\/Coffeetea.est\" \/>\n<meta property=\"article:modified_time\" content=\"2023-09-20T05:21:18+00:00\" \/>\n<meta property=\"og:image\" content=\"https:\/\/coffeetea.ee\/wp-content\/uploads\/2023\/01\/41fc7d91f26cbe9de2bee6a054801b8c.jpeg\" \/>\n\t<meta property=\"og:image:width\" content=\"600\" \/>\n\t<meta property=\"og:image:height\" content=\"600\" \/>\n\t<meta property=\"og:image:type\" content=\"image\/jpeg\" \/>\n<meta name=\"twitter:card\" content=\"summary_large_image\" \/>\n<script type=\"application\/ld+json\" class=\"yoast-schema-graph\">{\"@context\":\"https:\\\/\\\/schema.org\",\"@graph\":[{\"@type\":\"WebPage\",\"@id\":\"https:\\\/\\\/coffeetea.ee\\\/ru\\\/tovar\\\/curtis-strawberry-mojito-zelenyj-kitajskij-listovoj-chaj-so-vkusom-klubnichnogo-mohito-90-gr\\\/\",\"url\":\"https:\\\/\\\/coffeetea.ee\\\/ru\\\/tovar\\\/curtis-strawberry-mojito-zelenyj-kitajskij-listovoj-chaj-so-vkusom-klubnichnogo-mohito-90-gr\\\/\",\"name\":\"Curtis \\\"Strawberry Mojito\\\", Hiina roheline lehetee maasika mojito maitsega 90 gr.\",\"isPartOf\":{\"@id\":\"https:\\\/\\\/coffeetea.ee\\\/ru\\\/#website\"},\"primaryImageOfPage\":{\"@id\":\"https:\\\/\\\/coffeetea.ee\\\/ru\\\/tovar\\\/curtis-strawberry-mojito-zelenyj-kitajskij-listovoj-chaj-so-vkusom-klubnichnogo-mohito-90-gr\\\/#primaryimage\"},\"image\":{\"@id\":\"https:\\\/\\\/coffeetea.ee\\\/ru\\\/tovar\\\/curtis-strawberry-mojito-zelenyj-kitajskij-listovoj-chaj-so-vkusom-klubnichnogo-mohito-90-gr\\\/#primaryimage\"},\"thumbnailUrl\":\"https:\\\/\\\/coffeetea.ee\\\/wp-content\\\/uploads\\\/2023\\\/01\\\/41fc7d91f26cbe9de2bee6a054801b8c.jpeg\",\"datePublished\":\"2023-01-13T15:52:18+00:00\",\"dateModified\":\"2023-09-20T05:21:18+00:00\",\"breadcrumb\":{\"@id\":\"https:\\\/\\\/coffeetea.ee\\\/ru\\\/tovar\\\/curtis-strawberry-mojito-zelenyj-kitajskij-listovoj-chaj-so-vkusom-klubnichnogo-mohito-90-gr\\\/#breadcrumb\"},\"inLanguage\":\"ru-RU\",\"potentialAction\":[{\"@type\":\"ReadAction\",\"target\":[\"https:\\\/\\\/coffeetea.ee\\\/ru\\\/tovar\\\/curtis-strawberry-mojito-zelenyj-kitajskij-listovoj-chaj-so-vkusom-klubnichnogo-mohito-90-gr\\\/\"]}]},{\"@type\":\"ImageObject\",\"inLanguage\":\"ru-RU\",\"@id\":\"https:\\\/\\\/coffeetea.ee\\\/ru\\\/tovar\\\/curtis-strawberry-mojito-zelenyj-kitajskij-listovoj-chaj-so-vkusom-klubnichnogo-mohito-90-gr\\\/#primaryimage\",\"url\":\"https:\\\/\\\/coffeetea.ee\\\/wp-content\\\/uploads\\\/2023\\\/01\\\/41fc7d91f26cbe9de2bee6a054801b8c.jpeg\",\"contentUrl\":\"https:\\\/\\\/coffeetea.ee\\\/wp-content\\\/uploads\\\/2023\\\/01\\\/41fc7d91f26cbe9de2bee6a054801b8c.jpeg\",\"width\":600,\"height\":600},{\"@type\":\"BreadcrumbList\",\"@id\":\"https:\\\/\\\/coffeetea.ee\\\/ru\\\/tovar\\\/curtis-strawberry-mojito-zelenyj-kitajskij-listovoj-chaj-so-vkusom-klubnichnogo-mohito-90-gr\\\/#breadcrumb\",\"itemListElement\":[{\"@type\":\"ListItem\",\"position\":1,\"name\":\"Home\",\"item\":\"https:\\\/\\\/coffeetea.ee\\\/ru\\\/\"},{\"@type\":\"ListItem\",\"position\":2,\"name\":\"\u041c\u0430\u0433\u0430\u0437\u0438\u043d\",\"item\":\"https:\\\/\\\/coffeetea.ee\\\/pood\\\/\"},{\"@type\":\"ListItem\",\"position\":3,\"name\":\"Curtis &#8220;Strawberry Mojito&#8221;, Hiina roheline lehetee maasika mojito maitsega 90 gr.\"}]},{\"@type\":\"WebSite\",\"@id\":\"https:\\\/\\\/coffeetea.ee\\\/ru\\\/#website\",\"url\":\"https:\\\/\\\/coffeetea.ee\\\/ru\\\/\",\"name\":\"Kohv ja tee\",\"description\":\"\u041c\u0430\u0433\u0430\u0437\u0438\u043d \u041a\u043e\u0444\u0435 \u0438 \u0427\u0430\u044f | \u041a\u043e\u0444\u0435 \u0438 \u0427\u0430\u0439 \u043d\u0430 \u043b\u044e\u0431\u043e\u0439 \u0432\u043a\u0443\u0441\",\"publisher\":{\"@id\":\"https:\\\/\\\/coffeetea.ee\\\/ru\\\/#organization\"},\"potentialAction\":[{\"@type\":\"SearchAction\",\"target\":{\"@type\":\"EntryPoint\",\"urlTemplate\":\"https:\\\/\\\/coffeetea.ee\\\/ru\\\/?s={search_term_string}\"},\"query-input\":{\"@type\":\"PropertyValueSpecification\",\"valueRequired\":true,\"valueName\":\"search_term_string\"}}],\"inLanguage\":\"ru-RU\"},{\"@type\":\"Organization\",\"@id\":\"https:\\\/\\\/coffeetea.ee\\\/ru\\\/#organization\",\"name\":\"DKM Brothers O\u00dc\",\"url\":\"https:\\\/\\\/coffeetea.ee\\\/ru\\\/\",\"logo\":{\"@type\":\"ImageObject\",\"inLanguage\":\"ru-RU\",\"@id\":\"https:\\\/\\\/coffeetea.ee\\\/ru\\\/#\\\/schema\\\/logo\\\/image\\\/\",\"url\":\"https:\\\/\\\/coffeetea.ee\\\/wp-content\\\/uploads\\\/2022\\\/11\\\/logo_website.webp\",\"contentUrl\":\"https:\\\/\\\/coffeetea.ee\\\/wp-content\\\/uploads\\\/2022\\\/11\\\/logo_website.webp\",\"width\":200,\"height\":195,\"caption\":\"DKM Brothers O\u00dc\"},\"image\":{\"@id\":\"https:\\\/\\\/coffeetea.ee\\\/ru\\\/#\\\/schema\\\/logo\\\/image\\\/\"},\"sameAs\":[\"https:\\\/\\\/www.facebook.com\\\/Coffeetea.est\",\"https:\\\/\\\/www.instagram.com\\\/coffeetea.ee\\\/\"]}]}<\/script>\n<!-- \/ Yoast SEO plugin. -->","yoast_head_json":{"title":"Curtis \"Strawberry Mojito\", Hiina roheline lehetee maasika mojito maitsega 90 gr.","robots":{"index":"index","follow":"follow","max-snippet":"max-snippet:-1","max-image-preview":"max-image-preview:large","max-video-preview":"max-video-preview:-1"},"canonical":"https:\/\/coffeetea.ee\/ru\/tovar\/curtis-strawberry-mojito-zelenyj-kitajskij-listovoj-chaj-so-vkusom-klubnichnogo-mohito-90-gr\/","og_locale":"ru_RU","og_type":"article","og_title":"Curtis \"Strawberry Mojito\", Hiina roheline lehetee maasika mojito maitsega 90 gr.","og_description":"Roheline tee paradoksaalse mahlakate maasikate ja jaheda piparm\u00fcndi maitsega, mis on varjutatud tsitruseliste koorega. Magus maasikate aroom, piparm\u00fcndi jahedus, tsitrusviljade v\u00e4rskus ja valitud roheline tee \u2013 Mojito tee s\u00e4rav variatsioon intrigeeriva k\u00fcpsete maasikate varjundiga. Koostis: Rohelise lehe tee, mojito maitse, maasika maitse, piparm\u00fcnt, sidrunhein, tsitrusviljade koor","og_url":"https:\/\/coffeetea.ee\/ru\/tovar\/curtis-strawberry-mojito-zelenyj-kitajskij-listovoj-chaj-so-vkusom-klubnichnogo-mohito-90-gr\/","og_site_name":"\u041c\u0430\u0433\u0430\u0437\u0438\u043d \u041a\u043e\u0444\u0435 \u0438 \u0427\u0430\u044f | \u041a\u043e\u0444\u0435 \u0438 \u0427\u0430\u0439 \u043d\u0430 \u043b\u044e\u0431\u043e\u0439 \u0432\u043a\u0443\u0441","article_publisher":"https:\/\/www.facebook.com\/Coffeetea.est","article_modified_time":"2023-09-20T05:21:18+00:00","og_image":[{"width":600,"height":600,"url":"https:\/\/coffeetea.ee\/wp-content\/uploads\/2023\/01\/41fc7d91f26cbe9de2bee6a054801b8c.jpeg","type":"image\/jpeg"}],"twitter_card":"summary_large_image","schema":{"@context":"https:\/\/schema.org","@graph":[{"@type":"WebPage","@id":"https:\/\/coffeetea.ee\/ru\/tovar\/curtis-strawberry-mojito-zelenyj-kitajskij-listovoj-chaj-so-vkusom-klubnichnogo-mohito-90-gr\/","url":"https:\/\/coffeetea.ee\/ru\/tovar\/curtis-strawberry-mojito-zelenyj-kitajskij-listovoj-chaj-so-vkusom-klubnichnogo-mohito-90-gr\/","name":"Curtis \"Strawberry Mojito\", Hiina roheline lehetee maasika mojito maitsega 90 gr.","isPartOf":{"@id":"https:\/\/coffeetea.ee\/ru\/#website"},"primaryImageOfPage":{"@id":"https:\/\/coffeetea.ee\/ru\/tovar\/curtis-strawberry-mojito-zelenyj-kitajskij-listovoj-chaj-so-vkusom-klubnichnogo-mohito-90-gr\/#primaryimage"},"image":{"@id":"https:\/\/coffeetea.ee\/ru\/tovar\/curtis-strawberry-mojito-zelenyj-kitajskij-listovoj-chaj-so-vkusom-klubnichnogo-mohito-90-gr\/#primaryimage"},"thumbnailUrl":"https:\/\/coffeetea.ee\/wp-content\/uploads\/2023\/01\/41fc7d91f26cbe9de2bee6a054801b8c.jpeg","datePublished":"2023-01-13T15:52:18+00:00","dateModified":"2023-09-20T05:21:18+00:00","breadcrumb":{"@id":"https:\/\/coffeetea.ee\/ru\/tovar\/curtis-strawberry-mojito-zelenyj-kitajskij-listovoj-chaj-so-vkusom-klubnichnogo-mohito-90-gr\/#breadcrumb"},"inLanguage":"ru-RU","potentialAction":[{"@type":"ReadAction","target":["https:\/\/coffeetea.ee\/ru\/tovar\/curtis-strawberry-mojito-zelenyj-kitajskij-listovoj-chaj-so-vkusom-klubnichnogo-mohito-90-gr\/"]}]},{"@type":"ImageObject","inLanguage":"ru-RU","@id":"https:\/\/coffeetea.ee\/ru\/tovar\/curtis-strawberry-mojito-zelenyj-kitajskij-listovoj-chaj-so-vkusom-klubnichnogo-mohito-90-gr\/#primaryimage","url":"https:\/\/coffeetea.ee\/wp-content\/uploads\/2023\/01\/41fc7d91f26cbe9de2bee6a054801b8c.jpeg","contentUrl":"https:\/\/coffeetea.ee\/wp-content\/uploads\/2023\/01\/41fc7d91f26cbe9de2bee6a054801b8c.jpeg","width":600,"height":600},{"@type":"BreadcrumbList","@id":"https:\/\/coffeetea.ee\/ru\/tovar\/curtis-strawberry-mojito-zelenyj-kitajskij-listovoj-chaj-so-vkusom-klubnichnogo-mohito-90-gr\/#breadcrumb","itemListElement":[{"@type":"ListItem","position":1,"name":"Home","item":"https:\/\/coffeetea.ee\/ru\/"},{"@type":"ListItem","position":2,"name":"\u041c\u0430\u0433\u0430\u0437\u0438\u043d","item":"https:\/\/coffeetea.ee\/pood\/"},{"@type":"ListItem","position":3,"name":"Curtis &#8220;Strawberry Mojito&#8221;, Hiina roheline lehetee maasika mojito maitsega 90 gr."}]},{"@type":"WebSite","@id":"https:\/\/coffeetea.ee\/ru\/#website","url":"https:\/\/coffeetea.ee\/ru\/","name":"Kohv ja tee","description":"\u041c\u0430\u0433\u0430\u0437\u0438\u043d \u041a\u043e\u0444\u0435 \u0438 \u0427\u0430\u044f | \u041a\u043e\u0444\u0435 \u0438 \u0427\u0430\u0439 \u043d\u0430 \u043b\u044e\u0431\u043e\u0439 \u0432\u043a\u0443\u0441","publisher":{"@id":"https:\/\/coffeetea.ee\/ru\/#organization"},"potentialAction":[{"@type":"SearchAction","target":{"@type":"EntryPoint","urlTemplate":"https:\/\/coffeetea.ee\/ru\/?s={search_term_string}"},"query-input":{"@type":"PropertyValueSpecification","valueRequired":true,"valueName":"search_term_string"}}],"inLanguage":"ru-RU"},{"@type":"Organization","@id":"https:\/\/coffeetea.ee\/ru\/#organization","name":"DKM Brothers O\u00dc","url":"https:\/\/coffeetea.ee\/ru\/","logo":{"@type":"ImageObject","inLanguage":"ru-RU","@id":"https:\/\/coffeetea.ee\/ru\/#\/schema\/logo\/image\/","url":"https:\/\/coffeetea.ee\/wp-content\/uploads\/2022\/11\/logo_website.webp","contentUrl":"https:\/\/coffeetea.ee\/wp-content\/uploads\/2022\/11\/logo_website.webp","width":200,"height":195,"caption":"DKM Brothers O\u00dc"},"image":{"@id":"https:\/\/coffeetea.ee\/ru\/#\/schema\/logo\/image\/"},"sameAs":["https:\/\/www.facebook.com\/Coffeetea.est","https:\/\/www.instagram.com\/coffeetea.ee\/"]}]}},"_links":{"self":[{"href":"https:\/\/coffeetea.ee\/ru\/wp-json\/wp\/v2\/product\/5624","targetHints":{"allow":["GET"]}}],"collection":[{"href":"https:\/\/coffeetea.ee\/ru\/wp-json\/wp\/v2\/product"}],"about":[{"href":"https:\/\/coffeetea.ee\/ru\/wp-json\/wp\/v2\/types\/product"}],"replies":[{"embeddable":true,"href":"https:\/\/coffeetea.ee\/ru\/wp-json\/wp\/v2\/comments?post=5624"}],"wp:featuredmedia":[{"embeddable":true,"href":"https:\/\/coffeetea.ee\/ru\/wp-json\/wp\/v2\/media\/5804"}],"wp:attachment":[{"href":"https:\/\/coffeetea.ee\/ru\/wp-json\/wp\/v2\/media?parent=5624"}],"wp:term":[{"taxonomy":"product_brand","embeddable":true,"href":"https:\/\/coffeetea.ee\/ru\/wp-json\/wp\/v2\/product_brand?post=5624"},{"taxonomy":"product_cat","embeddable":true,"href":"https:\/\/coffeetea.ee\/ru\/wp-json\/wp\/v2\/product_cat?post=5624"},{"taxonomy":"product_tag","embeddable":true,"href":"https:\/\/coffeetea.ee\/ru\/wp-json\/wp\/v2\/product_tag?post=5624"}],"curies":[{"name":"wp","href":"https:\/\/api.w.org\/{rel}","templated":true}]}}