{"id":6466,"date":"2023-02-11T13:44:47","date_gmt":"2023-02-11T11:44:47","guid":{"rendered":"https:\/\/coffeetea.ee\/product\/richard-royal-ceylon-must-tee-80-g\/"},"modified":"2023-09-20T08:00:31","modified_gmt":"2023-09-20T05:00:31","slug":"richard-royal-ceylon-chernyj-chaj-80-g","status":"publish","type":"product","link":"https:\/\/coffeetea.ee\/ru\/tovar\/richard-royal-ceylon-chernyj-chaj-80-g\/","title":{"rendered":"Richard &#8220;Royal Ceylon&#8221;, must tee 80 g"},"content":{"rendered":"<p><strong>Kirjeldus:<\/strong><\/p>\n<p>Looduslik must tee Richard &#8220;Royal Ceylon&#8221; ei sisalda lisaaineid ja on klassikalise maitsega, mis annab hea kokkut\u00f5mbumise. Taim kasvatati Tseiloni parimates istandustes ja allutati ainult k\u00f5ige vajalikumale t\u00f6\u00f6tlemisele. Richardi suurte lehtedega tee on piklikus silindrilises vormis, mis on kaunistatud originaalornamendiga.. See toode n\u00e4eb kingitusena hea v\u00e4lja<\/p>\n","protected":false},"excerpt":{"rendered":"<p>Kirjeldus: Looduslik must tee Richard &#8220;Royal Ceylon&#8221; ei sisalda lisaaineid ja on klassikalise maitsega, mis annab hea kokkut\u00f5mbumise. Taim kasvatati Tseiloni parimates istandustes ja allutati ainult k\u00f5ige vajalikumale t\u00f6\u00f6tlemisele. Richardi suurte lehtedega tee on piklikus silindrilises vormis, mis on kaunistatud originaalornamendiga.. See toode n\u00e4eb kingitusena hea v\u00e4lja<\/p>\n","protected":false},"featured_media":6457,"comment_status":"open","ping_status":"closed","template":"","meta":[],"product_brand":[],"product_cat":[83,79,75],"product_tag":[182,178,154],"class_list":{"0":"post-6466","1":"product","2":"type-product","3":"status-publish","4":"has-post-thumbnail","6":"product_cat-kinkekarbid","7":"product_cat-richard","8":"product_cat-tee","9":"product_tag-must-tee","10":"product_tag-richard","11":"product_tag-tee","13":"first","14":"outofstock","15":"taxable","16":"shipping-taxable","17":"purchasable","18":"product-type-simple"},"yoast_head":"<!-- This site is optimized with the Yoast SEO plugin v27.5 - https:\/\/yoast.com\/product\/yoast-seo-wordpress\/ -->\n<title>Richard &quot;Royal Ceylon&quot;, must tee 80 g<\/title>\n<meta name=\"robots\" content=\"index, follow, max-snippet:-1, max-image-preview:large, max-video-preview:-1\" \/>\n<link rel=\"canonical\" href=\"https:\/\/coffeetea.ee\/ru\/tovar\/richard-royal-ceylon-chernyj-chaj-80-g\/\" \/>\n<meta property=\"og:locale\" content=\"ru_RU\" \/>\n<meta property=\"og:type\" content=\"article\" \/>\n<meta property=\"og:title\" content=\"Richard &quot;Royal Ceylon&quot;, must tee 80 g\" \/>\n<meta property=\"og:description\" content=\"Kirjeldus: Looduslik must tee Richard &#8220;Royal Ceylon&#8221; ei sisalda lisaaineid ja on klassikalise maitsega, mis annab hea kokkut\u00f5mbumise. Taim kasvatati Tseiloni parimates istandustes ja allutati ainult k\u00f5ige vajalikumale t\u00f6\u00f6tlemisele. Richardi suurte lehtedega tee on piklikus silindrilises vormis, mis on kaunistatud originaalornamendiga.. See toode n\u00e4eb kingitusena hea v\u00e4lja\" \/>\n<meta property=\"og:url\" content=\"https:\/\/coffeetea.ee\/ru\/tovar\/richard-royal-ceylon-chernyj-chaj-80-g\/\" \/>\n<meta property=\"og:site_name\" content=\"\u041c\u0430\u0433\u0430\u0437\u0438\u043d \u041a\u043e\u0444\u0435 \u0438 \u0427\u0430\u044f | \u041a\u043e\u0444\u0435 \u0438 \u0427\u0430\u0439 \u043d\u0430 \u043b\u044e\u0431\u043e\u0439 \u0432\u043a\u0443\u0441\" \/>\n<meta property=\"article:publisher\" content=\"https:\/\/www.facebook.com\/Coffeetea.est\" \/>\n<meta property=\"article:modified_time\" content=\"2023-09-20T05:00:31+00:00\" \/>\n<meta property=\"og:image\" content=\"https:\/\/coffeetea.ee\/wp-content\/uploads\/2023\/02\/richard-royal-ceylon.jpg\" \/>\n\t<meta property=\"og:image:width\" content=\"600\" \/>\n\t<meta property=\"og:image:height\" content=\"600\" \/>\n\t<meta property=\"og:image:type\" content=\"image\/jpeg\" \/>\n<meta name=\"twitter:card\" content=\"summary_large_image\" \/>\n<script type=\"application\/ld+json\" class=\"yoast-schema-graph\">{\"@context\":\"https:\\\/\\\/schema.org\",\"@graph\":[{\"@type\":\"WebPage\",\"@id\":\"https:\\\/\\\/coffeetea.ee\\\/ru\\\/tovar\\\/richard-royal-ceylon-chernyj-chaj-80-g\\\/\",\"url\":\"https:\\\/\\\/coffeetea.ee\\\/ru\\\/tovar\\\/richard-royal-ceylon-chernyj-chaj-80-g\\\/\",\"name\":\"Richard \\\"Royal Ceylon\\\", must tee 80 g\",\"isPartOf\":{\"@id\":\"https:\\\/\\\/coffeetea.ee\\\/ru\\\/#website\"},\"primaryImageOfPage\":{\"@id\":\"https:\\\/\\\/coffeetea.ee\\\/ru\\\/tovar\\\/richard-royal-ceylon-chernyj-chaj-80-g\\\/#primaryimage\"},\"image\":{\"@id\":\"https:\\\/\\\/coffeetea.ee\\\/ru\\\/tovar\\\/richard-royal-ceylon-chernyj-chaj-80-g\\\/#primaryimage\"},\"thumbnailUrl\":\"https:\\\/\\\/coffeetea.ee\\\/wp-content\\\/uploads\\\/2023\\\/02\\\/richard-royal-ceylon.jpg\",\"datePublished\":\"2023-02-11T11:44:47+00:00\",\"dateModified\":\"2023-09-20T05:00:31+00:00\",\"breadcrumb\":{\"@id\":\"https:\\\/\\\/coffeetea.ee\\\/ru\\\/tovar\\\/richard-royal-ceylon-chernyj-chaj-80-g\\\/#breadcrumb\"},\"inLanguage\":\"ru-RU\",\"potentialAction\":[{\"@type\":\"ReadAction\",\"target\":[\"https:\\\/\\\/coffeetea.ee\\\/ru\\\/tovar\\\/richard-royal-ceylon-chernyj-chaj-80-g\\\/\"]}]},{\"@type\":\"ImageObject\",\"inLanguage\":\"ru-RU\",\"@id\":\"https:\\\/\\\/coffeetea.ee\\\/ru\\\/tovar\\\/richard-royal-ceylon-chernyj-chaj-80-g\\\/#primaryimage\",\"url\":\"https:\\\/\\\/coffeetea.ee\\\/wp-content\\\/uploads\\\/2023\\\/02\\\/richard-royal-ceylon.jpg\",\"contentUrl\":\"https:\\\/\\\/coffeetea.ee\\\/wp-content\\\/uploads\\\/2023\\\/02\\\/richard-royal-ceylon.jpg\",\"width\":600,\"height\":600},{\"@type\":\"BreadcrumbList\",\"@id\":\"https:\\\/\\\/coffeetea.ee\\\/ru\\\/tovar\\\/richard-royal-ceylon-chernyj-chaj-80-g\\\/#breadcrumb\",\"itemListElement\":[{\"@type\":\"ListItem\",\"position\":1,\"name\":\"Home\",\"item\":\"https:\\\/\\\/coffeetea.ee\\\/ru\\\/\"},{\"@type\":\"ListItem\",\"position\":2,\"name\":\"\u041c\u0430\u0433\u0430\u0437\u0438\u043d\",\"item\":\"https:\\\/\\\/coffeetea.ee\\\/pood\\\/\"},{\"@type\":\"ListItem\",\"position\":3,\"name\":\"Richard &#8220;Royal Ceylon&#8221;, must tee 80 g\"}]},{\"@type\":\"WebSite\",\"@id\":\"https:\\\/\\\/coffeetea.ee\\\/ru\\\/#website\",\"url\":\"https:\\\/\\\/coffeetea.ee\\\/ru\\\/\",\"name\":\"Kohv ja tee\",\"description\":\"\u041c\u0430\u0433\u0430\u0437\u0438\u043d \u041a\u043e\u0444\u0435 \u0438 \u0427\u0430\u044f | \u041a\u043e\u0444\u0435 \u0438 \u0427\u0430\u0439 \u043d\u0430 \u043b\u044e\u0431\u043e\u0439 \u0432\u043a\u0443\u0441\",\"publisher\":{\"@id\":\"https:\\\/\\\/coffeetea.ee\\\/ru\\\/#organization\"},\"potentialAction\":[{\"@type\":\"SearchAction\",\"target\":{\"@type\":\"EntryPoint\",\"urlTemplate\":\"https:\\\/\\\/coffeetea.ee\\\/ru\\\/?s={search_term_string}\"},\"query-input\":{\"@type\":\"PropertyValueSpecification\",\"valueRequired\":true,\"valueName\":\"search_term_string\"}}],\"inLanguage\":\"ru-RU\"},{\"@type\":\"Organization\",\"@id\":\"https:\\\/\\\/coffeetea.ee\\\/ru\\\/#organization\",\"name\":\"DKM Brothers O\u00dc\",\"url\":\"https:\\\/\\\/coffeetea.ee\\\/ru\\\/\",\"logo\":{\"@type\":\"ImageObject\",\"inLanguage\":\"ru-RU\",\"@id\":\"https:\\\/\\\/coffeetea.ee\\\/ru\\\/#\\\/schema\\\/logo\\\/image\\\/\",\"url\":\"https:\\\/\\\/coffeetea.ee\\\/wp-content\\\/uploads\\\/2022\\\/11\\\/logo_website.webp\",\"contentUrl\":\"https:\\\/\\\/coffeetea.ee\\\/wp-content\\\/uploads\\\/2022\\\/11\\\/logo_website.webp\",\"width\":200,\"height\":195,\"caption\":\"DKM Brothers O\u00dc\"},\"image\":{\"@id\":\"https:\\\/\\\/coffeetea.ee\\\/ru\\\/#\\\/schema\\\/logo\\\/image\\\/\"},\"sameAs\":[\"https:\\\/\\\/www.facebook.com\\\/Coffeetea.est\",\"https:\\\/\\\/www.instagram.com\\\/coffeetea.ee\\\/\"]}]}<\/script>\n<!-- \/ Yoast SEO plugin. -->","yoast_head_json":{"title":"Richard \"Royal Ceylon\", must tee 80 g","robots":{"index":"index","follow":"follow","max-snippet":"max-snippet:-1","max-image-preview":"max-image-preview:large","max-video-preview":"max-video-preview:-1"},"canonical":"https:\/\/coffeetea.ee\/ru\/tovar\/richard-royal-ceylon-chernyj-chaj-80-g\/","og_locale":"ru_RU","og_type":"article","og_title":"Richard \"Royal Ceylon\", must tee 80 g","og_description":"Kirjeldus: Looduslik must tee Richard &#8220;Royal Ceylon&#8221; ei sisalda lisaaineid ja on klassikalise maitsega, mis annab hea kokkut\u00f5mbumise. Taim kasvatati Tseiloni parimates istandustes ja allutati ainult k\u00f5ige vajalikumale t\u00f6\u00f6tlemisele. Richardi suurte lehtedega tee on piklikus silindrilises vormis, mis on kaunistatud originaalornamendiga.. See toode n\u00e4eb kingitusena hea v\u00e4lja","og_url":"https:\/\/coffeetea.ee\/ru\/tovar\/richard-royal-ceylon-chernyj-chaj-80-g\/","og_site_name":"\u041c\u0430\u0433\u0430\u0437\u0438\u043d \u041a\u043e\u0444\u0435 \u0438 \u0427\u0430\u044f | \u041a\u043e\u0444\u0435 \u0438 \u0427\u0430\u0439 \u043d\u0430 \u043b\u044e\u0431\u043e\u0439 \u0432\u043a\u0443\u0441","article_publisher":"https:\/\/www.facebook.com\/Coffeetea.est","article_modified_time":"2023-09-20T05:00:31+00:00","og_image":[{"width":600,"height":600,"url":"https:\/\/coffeetea.ee\/wp-content\/uploads\/2023\/02\/richard-royal-ceylon.jpg","type":"image\/jpeg"}],"twitter_card":"summary_large_image","schema":{"@context":"https:\/\/schema.org","@graph":[{"@type":"WebPage","@id":"https:\/\/coffeetea.ee\/ru\/tovar\/richard-royal-ceylon-chernyj-chaj-80-g\/","url":"https:\/\/coffeetea.ee\/ru\/tovar\/richard-royal-ceylon-chernyj-chaj-80-g\/","name":"Richard \"Royal Ceylon\", must tee 80 g","isPartOf":{"@id":"https:\/\/coffeetea.ee\/ru\/#website"},"primaryImageOfPage":{"@id":"https:\/\/coffeetea.ee\/ru\/tovar\/richard-royal-ceylon-chernyj-chaj-80-g\/#primaryimage"},"image":{"@id":"https:\/\/coffeetea.ee\/ru\/tovar\/richard-royal-ceylon-chernyj-chaj-80-g\/#primaryimage"},"thumbnailUrl":"https:\/\/coffeetea.ee\/wp-content\/uploads\/2023\/02\/richard-royal-ceylon.jpg","datePublished":"2023-02-11T11:44:47+00:00","dateModified":"2023-09-20T05:00:31+00:00","breadcrumb":{"@id":"https:\/\/coffeetea.ee\/ru\/tovar\/richard-royal-ceylon-chernyj-chaj-80-g\/#breadcrumb"},"inLanguage":"ru-RU","potentialAction":[{"@type":"ReadAction","target":["https:\/\/coffeetea.ee\/ru\/tovar\/richard-royal-ceylon-chernyj-chaj-80-g\/"]}]},{"@type":"ImageObject","inLanguage":"ru-RU","@id":"https:\/\/coffeetea.ee\/ru\/tovar\/richard-royal-ceylon-chernyj-chaj-80-g\/#primaryimage","url":"https:\/\/coffeetea.ee\/wp-content\/uploads\/2023\/02\/richard-royal-ceylon.jpg","contentUrl":"https:\/\/coffeetea.ee\/wp-content\/uploads\/2023\/02\/richard-royal-ceylon.jpg","width":600,"height":600},{"@type":"BreadcrumbList","@id":"https:\/\/coffeetea.ee\/ru\/tovar\/richard-royal-ceylon-chernyj-chaj-80-g\/#breadcrumb","itemListElement":[{"@type":"ListItem","position":1,"name":"Home","item":"https:\/\/coffeetea.ee\/ru\/"},{"@type":"ListItem","position":2,"name":"\u041c\u0430\u0433\u0430\u0437\u0438\u043d","item":"https:\/\/coffeetea.ee\/pood\/"},{"@type":"ListItem","position":3,"name":"Richard &#8220;Royal Ceylon&#8221;, must tee 80 g"}]},{"@type":"WebSite","@id":"https:\/\/coffeetea.ee\/ru\/#website","url":"https:\/\/coffeetea.ee\/ru\/","name":"Kohv ja tee","description":"\u041c\u0430\u0433\u0430\u0437\u0438\u043d \u041a\u043e\u0444\u0435 \u0438 \u0427\u0430\u044f | \u041a\u043e\u0444\u0435 \u0438 \u0427\u0430\u0439 \u043d\u0430 \u043b\u044e\u0431\u043e\u0439 \u0432\u043a\u0443\u0441","publisher":{"@id":"https:\/\/coffeetea.ee\/ru\/#organization"},"potentialAction":[{"@type":"SearchAction","target":{"@type":"EntryPoint","urlTemplate":"https:\/\/coffeetea.ee\/ru\/?s={search_term_string}"},"query-input":{"@type":"PropertyValueSpecification","valueRequired":true,"valueName":"search_term_string"}}],"inLanguage":"ru-RU"},{"@type":"Organization","@id":"https:\/\/coffeetea.ee\/ru\/#organization","name":"DKM Brothers O\u00dc","url":"https:\/\/coffeetea.ee\/ru\/","logo":{"@type":"ImageObject","inLanguage":"ru-RU","@id":"https:\/\/coffeetea.ee\/ru\/#\/schema\/logo\/image\/","url":"https:\/\/coffeetea.ee\/wp-content\/uploads\/2022\/11\/logo_website.webp","contentUrl":"https:\/\/coffeetea.ee\/wp-content\/uploads\/2022\/11\/logo_website.webp","width":200,"height":195,"caption":"DKM Brothers O\u00dc"},"image":{"@id":"https:\/\/coffeetea.ee\/ru\/#\/schema\/logo\/image\/"},"sameAs":["https:\/\/www.facebook.com\/Coffeetea.est","https:\/\/www.instagram.com\/coffeetea.ee\/"]}]}},"_links":{"self":[{"href":"https:\/\/coffeetea.ee\/ru\/wp-json\/wp\/v2\/product\/6466","targetHints":{"allow":["GET"]}}],"collection":[{"href":"https:\/\/coffeetea.ee\/ru\/wp-json\/wp\/v2\/product"}],"about":[{"href":"https:\/\/coffeetea.ee\/ru\/wp-json\/wp\/v2\/types\/product"}],"replies":[{"embeddable":true,"href":"https:\/\/coffeetea.ee\/ru\/wp-json\/wp\/v2\/comments?post=6466"}],"wp:featuredmedia":[{"embeddable":true,"href":"https:\/\/coffeetea.ee\/ru\/wp-json\/wp\/v2\/media\/6457"}],"wp:attachment":[{"href":"https:\/\/coffeetea.ee\/ru\/wp-json\/wp\/v2\/media?parent=6466"}],"wp:term":[{"taxonomy":"product_brand","embeddable":true,"href":"https:\/\/coffeetea.ee\/ru\/wp-json\/wp\/v2\/product_brand?post=6466"},{"taxonomy":"product_cat","embeddable":true,"href":"https:\/\/coffeetea.ee\/ru\/wp-json\/wp\/v2\/product_cat?post=6466"},{"taxonomy":"product_tag","embeddable":true,"href":"https:\/\/coffeetea.ee\/ru\/wp-json\/wp\/v2\/product_tag?post=6466"}],"curies":[{"name":"wp","href":"https:\/\/api.w.org\/{rel}","templated":true}]}}